{"id":12,"date":"2020-09-13T11:17:56","date_gmt":"2020-09-13T09:17:56","guid":{"rendered":"http:\/\/www.hadef-hotel.com\/hadef\/?page_id=12"},"modified":"2021-02-01T09:58:14","modified_gmt":"2021-02-01T08:58:14","slug":"hotel-chlef-hadef-chambre","status":"publish","type":"page","link":"http:\/\/www.hadef-hotel.com\/hadef\/hotel-chlef-hadef-chambre\/","title":{"rendered":"Nos Chambres"},"content":{"rendered":"\n<div class=\"wp-block-group\"><div class=\"wp-block-group__inner-container\"><\/div><\/div>\n\n\n\n<!-- default-view.php -->\n<div\n\tclass=\"ngg-galleryoverview default-view \"\n\tid=\"ngg-gallery-9369939f8b25cb1853ff83e19c4cfb65-1\">\n\n\t\t<!-- Thumbnails -->\n\t\t\t\t<div id=\"ngg-image-0\" class=\"ngg-gallery-thumbnail-box ngg-3-columns\" >\n\t\t\t\t        <div class=\"ngg-gallery-thumbnail\">\n            <a href=\"http:\/\/www.hadef-hotel.com\/hadef\/wp-content\/gallery\/chambres\/1-3-scaled.jpg\"\n               title=\"\"\n               data-src=\"http:\/\/www.hadef-hotel.com\/hadef\/wp-content\/gallery\/chambres\/1-3-scaled.jpg\"\n               data-thumbnail=\"http:\/\/www.hadef-hotel.com\/hadef\/wp-content\/gallery\/chambres\/thumbs\/thumbs_1-3-scaled.jpg\"\n               data-image-id=\"9\"\n               data-title=\"Hadef-Hotel\"\n               data-description=\"\"\n               data-image-slug=\"1-3-scaled\"\n               class=\"ngg-simplelightbox\" rel=\"9369939f8b25cb1853ff83e19c4cfb65\">\n                <img\n                    title=\"Hadef-Hotel\"\n                    alt=\"Hadef-Hotel\"\n                    src=\"http:\/\/www.hadef-hotel.com\/hadef\/wp-content\/gallery\/chambres\/cache\/1-3-scaled.jpg-nggid019-ngg0dyn-205x140x100-00f0w010c011r110f110r010t010.jpg\"\n                    width=\"205\"\n                    height=\"140\"\n                    style=\"max-width:100%;\"\n                \/>\n            <\/a>\n        <\/div>\n\t\t\t\t\t\t\t<\/div> \n\t\t\t\n\t\t\t\t<div id=\"ngg-image-1\" class=\"ngg-gallery-thumbnail-box ngg-3-columns\" >\n\t\t\t\t        <div class=\"ngg-gallery-thumbnail\">\n            <a href=\"http:\/\/www.hadef-hotel.com\/hadef\/wp-content\/gallery\/chambres\/2-2-scaled.jpg\"\n               title=\"\"\n               data-src=\"http:\/\/www.hadef-hotel.com\/hadef\/wp-content\/gallery\/chambres\/2-2-scaled.jpg\"\n               data-thumbnail=\"http:\/\/www.hadef-hotel.com\/hadef\/wp-content\/gallery\/chambres\/thumbs\/thumbs_2-2-scaled.jpg\"\n               data-image-id=\"8\"\n               data-title=\"Hadef-Hotel\"\n               data-description=\"\"\n               data-image-slug=\"2-2-scaled\"\n               class=\"ngg-simplelightbox\" rel=\"9369939f8b25cb1853ff83e19c4cfb65\">\n                <img\n                    title=\"Hadef-Hotel\"\n                    alt=\"Hadef-Hotel\"\n                    src=\"http:\/\/www.hadef-hotel.com\/hadef\/wp-content\/gallery\/chambres\/cache\/2-2-scaled.jpg-nggid018-ngg0dyn-205x140x100-00f0w010c011r110f110r010t010.jpg\"\n                    width=\"205\"\n                    height=\"140\"\n                    style=\"max-width:100%;\"\n                \/>\n            <\/a>\n        <\/div>\n\t\t\t\t\t\t\t<\/div> \n\t\t\t\n\t\t\t\t<div id=\"ngg-image-2\" class=\"ngg-gallery-thumbnail-box ngg-3-columns\" >\n\t\t\t\t        <div class=\"ngg-gallery-thumbnail\">\n            <a href=\"http:\/\/www.hadef-hotel.com\/hadef\/wp-content\/gallery\/chambres\/c7-scaled.jpg\"\n               title=\"\"\n               data-src=\"http:\/\/www.hadef-hotel.com\/hadef\/wp-content\/gallery\/chambres\/c7-scaled.jpg\"\n               data-thumbnail=\"http:\/\/www.hadef-hotel.com\/hadef\/wp-content\/gallery\/chambres\/thumbs\/thumbs_c7-scaled.jpg\"\n               data-image-id=\"38\"\n               data-title=\"Hadef-Hotel\"\n               data-description=\"\"\n               data-image-slug=\"c7-scaled\"\n               class=\"ngg-simplelightbox\" rel=\"9369939f8b25cb1853ff83e19c4cfb65\">\n                <img\n                    title=\"Hadef-Hotel\"\n                    alt=\"Hadef-Hotel\"\n                    src=\"http:\/\/www.hadef-hotel.com\/hadef\/wp-content\/gallery\/chambres\/cache\/c7-scaled.jpg-nggid0238-ngg0dyn-205x140x100-00f0w010c011r110f110r010t010.jpg\"\n                    width=\"205\"\n                    height=\"140\"\n                    style=\"max-width:100%;\"\n                \/>\n            <\/a>\n        <\/div>\n\t\t\t\t\t\t\t<\/div> \n\t\t\t\n\t\t\t\t<div id=\"ngg-image-3\" class=\"ngg-gallery-thumbnail-box ngg-3-columns\" >\n\t\t\t\t        <div class=\"ngg-gallery-thumbnail\">\n            <a href=\"http:\/\/www.hadef-hotel.com\/hadef\/wp-content\/gallery\/chambres\/4-1-scaled.jpg\"\n               title=\"\"\n               data-src=\"http:\/\/www.hadef-hotel.com\/hadef\/wp-content\/gallery\/chambres\/4-1-scaled.jpg\"\n               data-thumbnail=\"http:\/\/www.hadef-hotel.com\/hadef\/wp-content\/gallery\/chambres\/thumbs\/thumbs_4-1-scaled.jpg\"\n               data-image-id=\"3\"\n               data-title=\"Hadef-Hotel\"\n               data-description=\"\"\n               data-image-slug=\"4-1-scaled\"\n               class=\"ngg-simplelightbox\" rel=\"9369939f8b25cb1853ff83e19c4cfb65\">\n                <img\n                    title=\"Hadef-Hotel\"\n                    alt=\"Hadef-Hotel\"\n                    src=\"http:\/\/www.hadef-hotel.com\/hadef\/wp-content\/gallery\/chambres\/cache\/4-1-scaled.jpg-nggid013-ngg0dyn-205x140x100-00f0w010c011r110f110r010t010.jpg\"\n                    width=\"205\"\n                    height=\"140\"\n                    style=\"max-width:100%;\"\n                \/>\n            <\/a>\n        <\/div>\n\t\t\t\t\t\t\t<\/div> \n\t\t\t\n\t\t\t\t<div id=\"ngg-image-4\" class=\"ngg-gallery-thumbnail-box ngg-3-columns\" >\n\t\t\t\t        <div class=\"ngg-gallery-thumbnail\">\n            <a href=\"http:\/\/www.hadef-hotel.com\/hadef\/wp-content\/gallery\/chambres\/3-1-scaled.jpg\"\n               title=\"\"\n               data-src=\"http:\/\/www.hadef-hotel.com\/hadef\/wp-content\/gallery\/chambres\/3-1-scaled.jpg\"\n               data-thumbnail=\"http:\/\/www.hadef-hotel.com\/hadef\/wp-content\/gallery\/chambres\/thumbs\/thumbs_3-1-scaled.jpg\"\n               data-image-id=\"7\"\n               data-title=\"Hadef-Hotel\"\n               data-description=\"\"\n               data-image-slug=\"3-1-scaled\"\n               class=\"ngg-simplelightbox\" rel=\"9369939f8b25cb1853ff83e19c4cfb65\">\n                <img\n                    title=\"Hadef-Hotel\"\n                    alt=\"Hadef-Hotel\"\n                    src=\"http:\/\/www.hadef-hotel.com\/hadef\/wp-content\/gallery\/chambres\/cache\/3-1-scaled.jpg-nggid017-ngg0dyn-205x140x100-00f0w010c011r110f110r010t010.jpg\"\n                    width=\"205\"\n                    height=\"140\"\n                    style=\"max-width:100%;\"\n                \/>\n            <\/a>\n        <\/div>\n\t\t\t\t\t\t\t<\/div> \n\t\t\t\n\t\t\t\t<div id=\"ngg-image-5\" class=\"ngg-gallery-thumbnail-box ngg-3-columns\" >\n\t\t\t\t        <div class=\"ngg-gallery-thumbnail\">\n            <a href=\"http:\/\/www.hadef-hotel.com\/hadef\/wp-content\/gallery\/chambres\/c8-scaled.jpg\"\n               title=\"\"\n               data-src=\"http:\/\/www.hadef-hotel.com\/hadef\/wp-content\/gallery\/chambres\/c8-scaled.jpg\"\n               data-thumbnail=\"http:\/\/www.hadef-hotel.com\/hadef\/wp-content\/gallery\/chambres\/thumbs\/thumbs_c8-scaled.jpg\"\n               data-image-id=\"37\"\n               data-title=\"Hadef-Hotel\"\n               data-description=\"\"\n               data-image-slug=\"c8-scaled\"\n               class=\"ngg-simplelightbox\" rel=\"9369939f8b25cb1853ff83e19c4cfb65\">\n                <img\n                    title=\"Hadef-Hotel\"\n                    alt=\"Hadef-Hotel\"\n                    src=\"http:\/\/www.hadef-hotel.com\/hadef\/wp-content\/gallery\/chambres\/cache\/c8-scaled.jpg-nggid0237-ngg0dyn-205x140x100-00f0w010c011r110f110r010t010.jpg\"\n                    width=\"205\"\n                    height=\"140\"\n                    style=\"max-width:100%;\"\n                \/>\n            <\/a>\n        <\/div>\n\t\t\t\t\t\t\t<\/div> \n\t\t\t\n\t\t\t\t<div id=\"ngg-image-6\" class=\"ngg-gallery-thumbnail-box ngg-3-columns\" >\n\t\t\t\t        <div class=\"ngg-gallery-thumbnail\">\n            <a href=\"http:\/\/www.hadef-hotel.com\/hadef\/wp-content\/gallery\/chambres\/6-1-scaled.jpg\"\n               title=\"\"\n               data-src=\"http:\/\/www.hadef-hotel.com\/hadef\/wp-content\/gallery\/chambres\/6-1-scaled.jpg\"\n               data-thumbnail=\"http:\/\/www.hadef-hotel.com\/hadef\/wp-content\/gallery\/chambres\/thumbs\/thumbs_6-1-scaled.jpg\"\n               data-image-id=\"1\"\n               data-title=\"Hadef-Hotel\"\n               data-description=\"\"\n               data-image-slug=\"6-1-scaled\"\n               class=\"ngg-simplelightbox\" rel=\"9369939f8b25cb1853ff83e19c4cfb65\">\n                <img\n                    title=\"Hadef-Hotel\"\n                    alt=\"Hadef-Hotel\"\n                    src=\"http:\/\/www.hadef-hotel.com\/hadef\/wp-content\/gallery\/chambres\/cache\/6-1-scaled.jpg-nggid011-ngg0dyn-205x140x100-00f0w010c011r110f110r010t010.jpg\"\n                    width=\"205\"\n                    height=\"140\"\n                    style=\"max-width:100%;\"\n                \/>\n            <\/a>\n        <\/div>\n\t\t\t\t\t\t\t<\/div> \n\t\t\t\n\t\t\t\t<div id=\"ngg-image-7\" class=\"ngg-gallery-thumbnail-box ngg-3-columns\" >\n\t\t\t\t        <div class=\"ngg-gallery-thumbnail\">\n            <a href=\"http:\/\/www.hadef-hotel.com\/hadef\/wp-content\/gallery\/chambres\/5-1-scaled.jpg\"\n               title=\"\"\n               data-src=\"http:\/\/www.hadef-hotel.com\/hadef\/wp-content\/gallery\/chambres\/5-1-scaled.jpg\"\n               data-thumbnail=\"http:\/\/www.hadef-hotel.com\/hadef\/wp-content\/gallery\/chambres\/thumbs\/thumbs_5-1-scaled.jpg\"\n               data-image-id=\"2\"\n               data-title=\"Hadef-Hotel\"\n               data-description=\"\"\n               data-image-slug=\"5-1-scaled\"\n               class=\"ngg-simplelightbox\" rel=\"9369939f8b25cb1853ff83e19c4cfb65\">\n                <img\n                    title=\"Hadef-Hotel\"\n                    alt=\"Hadef-Hotel\"\n                    src=\"http:\/\/www.hadef-hotel.com\/hadef\/wp-content\/gallery\/chambres\/cache\/5-1-scaled.jpg-nggid012-ngg0dyn-205x140x100-00f0w010c011r110f110r010t010.jpg\"\n                    width=\"205\"\n                    height=\"140\"\n                    style=\"max-width:100%;\"\n                \/>\n            <\/a>\n        <\/div>\n\t\t\t\t\t\t\t<\/div> \n\t\t\t\n\t\t\t\t<div id=\"ngg-image-8\" class=\"ngg-gallery-thumbnail-box ngg-3-columns\" >\n\t\t\t\t        <div class=\"ngg-gallery-thumbnail\">\n            <a href=\"http:\/\/www.hadef-hotel.com\/hadef\/wp-content\/gallery\/chambres\/IMG_20200910_175436661.jpg\"\n               title=\"\"\n               data-src=\"http:\/\/www.hadef-hotel.com\/hadef\/wp-content\/gallery\/chambres\/IMG_20200910_175436661.jpg\"\n               data-thumbnail=\"http:\/\/www.hadef-hotel.com\/hadef\/wp-content\/gallery\/chambres\/thumbs\/thumbs_IMG_20200910_175436661.jpg\"\n               data-image-id=\"39\"\n               data-title=\"Hadef-Hotel\"\n               data-description=\"\"\n               data-image-slug=\"img_20200910_175436661\"\n               class=\"ngg-simplelightbox\" rel=\"9369939f8b25cb1853ff83e19c4cfb65\">\n                <img\n                    title=\"Hadef-Hotel\"\n                    alt=\"Hadef-Hotel\"\n                    src=\"http:\/\/www.hadef-hotel.com\/hadef\/wp-content\/gallery\/chambres\/cache\/IMG_20200910_175436661.jpg-nggid0239-ngg0dyn-205x140x100-00f0w010c011r110f110r010t010.jpg\"\n                    width=\"205\"\n                    height=\"140\"\n                    style=\"max-width:100%;\"\n                \/>\n            <\/a>\n        <\/div>\n\t\t\t\t\t\t\t<\/div> \n\t\t\t\n\t\n\t<br style=\"clear: both\" \/>\n\n\t\n\t\t<!-- Pagination -->\n\t<div class='ngg-clear'><\/div>\t<\/div>\n\n\n\n\n<h2> Hotel Hadef Chlef | Soyez les Bienvenues | Chambres de l&rsquo;hotel hadef<\/h2>\n<p style=\"color:#a39b82; font-size :20px;\"><img src=\"http:\/\/www.hadef-hotel.com\/hadef\/wp-content\/uploads\/2020\/09\/IMG_20200910_175917465-scaled.jpg\" style=\"float:left;width:200px;height:250px; padding:30px;\" alt=\"HOTEL CHLEF HADEF\">  Hotel Hadef -Chambres-  Bien insonoris\u00e9es et parfaitement \u00e9quip\u00e9es, Nos chambres sont am\u00e9nag\u00e9es avec go\u00fbt dans un style unique qui leur conf\u00e8re une atmosph\u00e8re \u00e9l\u00e9gante. Vous appr\u00e9cierez la vue d\u00e9gag\u00e9e, ainsi que notre grande terrasse. <\/p>\n\n\n\n<ul style=\"color:#a39b82; font-size:20px;\"><li> climatisation<\/li><li>acc\u00e8s wifi<\/li><li>tv \u00e9cran plat <\/li><li>frigo<\/li><li>bureau <\/li><\/ul>\n\n\n\n<p><\/p>\n","protected":false},"excerpt":{"rendered":"<p>Hotel Hadef Chlef | Soyez les Bienvenues | Chambres de l&rsquo;hotel hadef Hotel Hadef -Chambres- Bien insonoris\u00e9es et parfaitement \u00e9quip\u00e9es, Nos chambres sont am\u00e9nag\u00e9es avec go\u00fbt dans un style unique qui leur conf\u00e8re une atmosph\u00e8re \u00e9l\u00e9gante. Vous appr\u00e9cierez la vue d\u00e9gag\u00e9e, ainsi que notre grande terrasse. climatisation acc\u00e8s wifi tv \u00e9cran plat frigo bureau<\/p>\n","protected":false},"author":1,"featured_media":0,"parent":0,"menu_order":0,"comment_status":"closed","ping_status":"closed","template":"","meta":{"ngg_post_thumbnail":0,"spay_email":""},"yoast_head":"<!-- This site is optimized with the Yoast SEO plugin v14.9 - https:\/\/yoast.com\/wordpress\/plugins\/seo\/ -->\n<title>Hotel Hadef Chambres | Soyez les Bienvenues | Pr\u00e9sentation<\/title>\n<meta name=\"description\" content=\"Hotel Hadef Chambres | - Bienvenue - Hotel,Restaurant,Salle des fetes,Salle de Sport ,Salle de conferences, Massages , Suna , Hammam ...\" \/>\n<meta name=\"robots\" content=\"index, follow, max-snippet:-1, max-image-preview:large, max-video-preview:-1\" \/>\n<link rel=\"canonical\" href=\"http:\/\/www.hadef-hotel.com\/hadef\/hotel-chlef-hadef-chambre\/\" \/>\n<meta property=\"og:locale\" content=\"fr_FR\" \/>\n<meta property=\"og:type\" content=\"article\" \/>\n<meta property=\"og:title\" content=\"Hotel Hadef Chambres | Soyez les Bienvenues | Pr\u00e9sentation\" \/>\n<meta property=\"og:description\" content=\"Hotel Hadef Chambres | - Bienvenue - Hotel,Restaurant,Salle des fetes,Salle de Sport ,Salle de conferences, Massages , Suna , Hammam ...\" \/>\n<meta property=\"og:url\" content=\"http:\/\/www.hadef-hotel.com\/hadef\/hotel-chlef-hadef-chambre\/\" \/>\n<meta property=\"og:site_name\" content=\"Hotel Hadef Chlef\" \/>\n<meta property=\"article:publisher\" content=\"https:\/\/web.facebook.com\/HotelHadef?_rdc=1&amp;amp%3bamp%3bamp%3bamp%3bamp%3bamp%3bamp%3bamp%3bamp%3bamp%3bamp%3bamp%3bamp%3bamp%3bamp%3bamp%3bamp%3bamp%3bamp%3bamp%3bamp%3bamp%3bamp%3bamp%3bamp%3bamp%3bamp%3bamp%3bamp%3bamp%3bamp%3bamp%3b_rdr\" \/>\n<meta property=\"article:modified_time\" content=\"2021-02-01T08:58:14+00:00\" \/>\n<meta property=\"og:image\" content=\"http:\/\/www.hadef-hotel.com\/hadef\/wp-content\/uploads\/2020\/09\/IMG_20200910_175917465-scaled.jpg\" \/>\n<meta name=\"twitter:card\" content=\"summary_large_image\" \/>\n<script type=\"application\/ld+json\" class=\"yoast-schema-graph\">{\"@context\":\"https:\/\/schema.org\",\"@graph\":[{\"@type\":\"Organization\",\"@id\":\"http:\/\/www.hadef-hotel.com\/hadef\/#organization\",\"name\":\"HADEF HOTEL\",\"url\":\"http:\/\/www.hadef-hotel.com\/hadef\/\",\"sameAs\":[\"https:\/\/web.facebook.com\/HotelHadef?_rdc=1&amp;amp;amp;amp;amp;amp;amp;amp;amp;amp;amp;amp;amp;amp;amp;amp;amp;amp;amp;amp;amp;amp;amp;amp;amp;amp;amp;amp;amp;amp;amp;amp;_rdr\"],\"logo\":{\"@type\":\"ImageObject\",\"@id\":\"http:\/\/www.hadef-hotel.com\/hadef\/#logo\",\"inLanguage\":\"fr-FR\",\"url\":\"\",\"caption\":\"HADEF HOTEL\"},\"image\":{\"@id\":\"http:\/\/www.hadef-hotel.com\/hadef\/#logo\"}},{\"@type\":\"WebSite\",\"@id\":\"http:\/\/www.hadef-hotel.com\/hadef\/#website\",\"url\":\"http:\/\/www.hadef-hotel.com\/hadef\/\",\"name\":\"HOTEL CHLEF | BIENVENUE A L\\u2019HOTEL HADEF\",\"description\":\"- Bienvenue -\",\"publisher\":{\"@id\":\"http:\/\/www.hadef-hotel.com\/hadef\/#organization\"},\"inLanguage\":\"fr-FR\"},{\"@type\":\"ImageObject\",\"@id\":\"http:\/\/www.hadef-hotel.com\/hadef\/hotel-chlef-hadef-chambre\/#primaryimage\",\"inLanguage\":\"fr-FR\",\"url\":\"http:\/\/www.hadef-hotel.com\/hadef\/wp-content\/uploads\/2020\/09\/IMG_20200910_175917465-scaled.jpg\",\"width\":1920,\"height\":2560},{\"@type\":\"WebPage\",\"@id\":\"http:\/\/www.hadef-hotel.com\/hadef\/hotel-chlef-hadef-chambre\/#webpage\",\"url\":\"http:\/\/www.hadef-hotel.com\/hadef\/hotel-chlef-hadef-chambre\/\",\"name\":\"Hotel Hadef Chambres | Soyez les Bienvenues | Pr\\u00e9sentation\",\"isPartOf\":{\"@id\":\"http:\/\/www.hadef-hotel.com\/hadef\/#website\"},\"primaryImageOfPage\":{\"@id\":\"http:\/\/www.hadef-hotel.com\/hadef\/hotel-chlef-hadef-chambre\/#primaryimage\"},\"datePublished\":\"2020-09-13T09:17:56+00:00\",\"dateModified\":\"2021-02-01T08:58:14+00:00\",\"description\":\"Hotel Hadef Chambres | - Bienvenue - Hotel,Restaurant,Salle des fetes,Salle de Sport ,Salle de conferences, Massages , Suna , Hammam ...\",\"inLanguage\":\"fr-FR\",\"potentialAction\":[{\"@type\":\"ReadAction\",\"target\":[\"http:\/\/www.hadef-hotel.com\/hadef\/hotel-chlef-hadef-chambre\/\"]}]}]}<\/script>\n<!-- \/ Yoast SEO plugin. -->","_links":{"self":[{"href":"http:\/\/www.hadef-hotel.com\/hadef\/wp-json\/wp\/v2\/pages\/12"}],"collection":[{"href":"http:\/\/www.hadef-hotel.com\/hadef\/wp-json\/wp\/v2\/pages"}],"about":[{"href":"http:\/\/www.hadef-hotel.com\/hadef\/wp-json\/wp\/v2\/types\/page"}],"author":[{"embeddable":true,"href":"http:\/\/www.hadef-hotel.com\/hadef\/wp-json\/wp\/v2\/users\/1"}],"replies":[{"embeddable":true,"href":"http:\/\/www.hadef-hotel.com\/hadef\/wp-json\/wp\/v2\/comments?post=12"}],"version-history":[{"count":62,"href":"http:\/\/www.hadef-hotel.com\/hadef\/wp-json\/wp\/v2\/pages\/12\/revisions"}],"predecessor-version":[{"id":789,"href":"http:\/\/www.hadef-hotel.com\/hadef\/wp-json\/wp\/v2\/pages\/12\/revisions\/789"}],"wp:attachment":[{"href":"http:\/\/www.hadef-hotel.com\/hadef\/wp-json\/wp\/v2\/media?parent=12"}],"curies":[{"name":"wp","href":"https:\/\/api.w.org\/{rel}","templated":true}]}}