{"id":49,"date":"2020-09-15T10:23:12","date_gmt":"2020-09-15T08:23:12","guid":{"rendered":"http:\/\/www.hadef-hotel.com\/hadef\/?page_id=49"},"modified":"2021-02-01T13:57:06","modified_gmt":"2021-02-01T12:57:06","slug":"hotel-chlef-restaurant","status":"publish","type":"page","link":"http:\/\/www.hadef-hotel.com\/hadef\/hotel-chlef-restaurant\/","title":{"rendered":"Restauration | caf\u00e9t\u00e9ria"},"content":{"rendered":"\n<!-- default-view.php -->\n<div\n\tclass=\"ngg-galleryoverview default-view \"\n\tid=\"ngg-gallery-98c42c63f57927779d150550f19f5d37-1\">\n\n\t\t<!-- Thumbnails -->\n\t\t\t\t<div id=\"ngg-image-0\" class=\"ngg-gallery-thumbnail-box ngg-3-columns\" >\n\t\t\t\t        <div class=\"ngg-gallery-thumbnail\">\n            <a href=\"http:\/\/www.hadef-hotel.com\/hadef\/wp-content\/gallery\/resto\/4-scaled.jpg\"\n               title=\"\"\n               data-src=\"http:\/\/www.hadef-hotel.com\/hadef\/wp-content\/gallery\/resto\/4-scaled.jpg\"\n               data-thumbnail=\"http:\/\/www.hadef-hotel.com\/hadef\/wp-content\/gallery\/resto\/thumbs\/thumbs_4-scaled.jpg\"\n               data-image-id=\"12\"\n               data-title=\"hadef-hotel\"\n               data-description=\"\"\n               data-image-slug=\"4-scaled\"\n               class=\"ngg-simplelightbox\" rel=\"98c42c63f57927779d150550f19f5d37\">\n                <img\n                    title=\"hadef-hotel\"\n                    alt=\"hadef-hotel\"\n                    src=\"http:\/\/www.hadef-hotel.com\/hadef\/wp-content\/gallery\/resto\/cache\/4-scaled.jpg-nggid0212-ngg0dyn-205x140x100-00f0w010c011r110f110r010t010.jpg\"\n                    width=\"205\"\n                    height=\"140\"\n                    style=\"max-width:100%;\"\n                \/>\n            <\/a>\n        <\/div>\n\t\t\t\t\t\t\t<\/div> \n\t\t\t\n\t\t\t\t<div id=\"ngg-image-1\" class=\"ngg-gallery-thumbnail-box ngg-3-columns\" >\n\t\t\t\t        <div class=\"ngg-gallery-thumbnail\">\n            <a href=\"http:\/\/www.hadef-hotel.com\/hadef\/wp-content\/gallery\/resto\/5-scaled.jpg\"\n               title=\"\"\n               data-src=\"http:\/\/www.hadef-hotel.com\/hadef\/wp-content\/gallery\/resto\/5-scaled.jpg\"\n               data-thumbnail=\"http:\/\/www.hadef-hotel.com\/hadef\/wp-content\/gallery\/resto\/thumbs\/thumbs_5-scaled.jpg\"\n               data-image-id=\"11\"\n               data-title=\"hadef-hotel\"\n               data-description=\"\"\n               data-image-slug=\"5-scaled\"\n               class=\"ngg-simplelightbox\" rel=\"98c42c63f57927779d150550f19f5d37\">\n                <img\n                    title=\"hadef-hotel\"\n                    alt=\"hadef-hotel\"\n                    src=\"http:\/\/www.hadef-hotel.com\/hadef\/wp-content\/gallery\/resto\/cache\/5-scaled.jpg-nggid0211-ngg0dyn-205x140x100-00f0w010c011r110f110r010t010.jpg\"\n                    width=\"205\"\n                    height=\"140\"\n                    style=\"max-width:100%;\"\n                \/>\n            <\/a>\n        <\/div>\n\t\t\t\t\t\t\t<\/div> \n\t\t\t\n\t\t\t\t<div id=\"ngg-image-2\" class=\"ngg-gallery-thumbnail-box ngg-3-columns\" >\n\t\t\t\t        <div class=\"ngg-gallery-thumbnail\">\n            <a href=\"http:\/\/www.hadef-hotel.com\/hadef\/wp-content\/gallery\/resto\/IMG_20200910_175047683_HDR-scaled.jpg\"\n               title=\"\"\n               data-src=\"http:\/\/www.hadef-hotel.com\/hadef\/wp-content\/gallery\/resto\/IMG_20200910_175047683_HDR-scaled.jpg\"\n               data-thumbnail=\"http:\/\/www.hadef-hotel.com\/hadef\/wp-content\/gallery\/resto\/thumbs\/thumbs_IMG_20200910_175047683_HDR-scaled.jpg\"\n               data-image-id=\"13\"\n               data-title=\"hadef-hotel\"\n               data-description=\"\"\n               data-image-slug=\"img_20200910_175047683_hdr-scaled\"\n               class=\"ngg-simplelightbox\" rel=\"98c42c63f57927779d150550f19f5d37\">\n                <img\n                    title=\"hadef-hotel\"\n                    alt=\"hadef-hotel\"\n                    src=\"http:\/\/www.hadef-hotel.com\/hadef\/wp-content\/gallery\/resto\/cache\/IMG_20200910_175047683_HDR-scaled.jpg-nggid0213-ngg0dyn-205x140x100-00f0w010c011r110f110r010t010.jpg\"\n                    width=\"205\"\n                    height=\"140\"\n                    style=\"max-width:100%;\"\n                \/>\n            <\/a>\n        <\/div>\n\t\t\t\t\t\t\t<\/div> \n\t\t\t\n\t\t\t\t<div id=\"ngg-image-3\" class=\"ngg-gallery-thumbnail-box ngg-3-columns\" >\n\t\t\t\t        <div class=\"ngg-gallery-thumbnail\">\n            <a href=\"http:\/\/www.hadef-hotel.com\/hadef\/wp-content\/gallery\/resto\/IMG_20200910_175022101_HDR-scaled.jpg\"\n               title=\"\"\n               data-src=\"http:\/\/www.hadef-hotel.com\/hadef\/wp-content\/gallery\/resto\/IMG_20200910_175022101_HDR-scaled.jpg\"\n               data-thumbnail=\"http:\/\/www.hadef-hotel.com\/hadef\/wp-content\/gallery\/resto\/thumbs\/thumbs_IMG_20200910_175022101_HDR-scaled.jpg\"\n               data-image-id=\"14\"\n               data-title=\"hadef-hotel\"\n               data-description=\"\"\n               data-image-slug=\"img_20200910_175022101_hdr-scaled\"\n               class=\"ngg-simplelightbox\" rel=\"98c42c63f57927779d150550f19f5d37\">\n                <img\n                    title=\"hadef-hotel\"\n                    alt=\"hadef-hotel\"\n                    src=\"http:\/\/www.hadef-hotel.com\/hadef\/wp-content\/gallery\/resto\/cache\/IMG_20200910_175022101_HDR-scaled.jpg-nggid0214-ngg0dyn-205x140x100-00f0w010c011r110f110r010t010.jpg\"\n                    width=\"205\"\n                    height=\"140\"\n                    style=\"max-width:100%;\"\n                \/>\n            <\/a>\n        <\/div>\n\t\t\t\t\t\t\t<\/div> \n\t\t\t\n\t\t\t\t<div id=\"ngg-image-4\" class=\"ngg-gallery-thumbnail-box ngg-3-columns\" >\n\t\t\t\t        <div class=\"ngg-gallery-thumbnail\">\n            <a href=\"http:\/\/www.hadef-hotel.com\/hadef\/wp-content\/gallery\/resto\/3-scaled.jpg\"\n               title=\"\"\n               data-src=\"http:\/\/www.hadef-hotel.com\/hadef\/wp-content\/gallery\/resto\/3-scaled.jpg\"\n               data-thumbnail=\"http:\/\/www.hadef-hotel.com\/hadef\/wp-content\/gallery\/resto\/thumbs\/thumbs_3-scaled.jpg\"\n               data-image-id=\"15\"\n               data-title=\"hadef-hotel\"\n               data-description=\"\"\n               data-image-slug=\"3-scaled\"\n               class=\"ngg-simplelightbox\" rel=\"98c42c63f57927779d150550f19f5d37\">\n                <img\n                    title=\"hadef-hotel\"\n                    alt=\"hadef-hotel\"\n                    src=\"http:\/\/www.hadef-hotel.com\/hadef\/wp-content\/gallery\/resto\/cache\/3-scaled.jpg-nggid0215-ngg0dyn-205x140x100-00f0w010c011r110f110r010t010.jpg\"\n                    width=\"205\"\n                    height=\"140\"\n                    style=\"max-width:100%;\"\n                \/>\n            <\/a>\n        <\/div>\n\t\t\t\t\t\t\t<\/div> \n\t\t\t\n\t\t\t\t<div id=\"ngg-image-5\" class=\"ngg-gallery-thumbnail-box ngg-3-columns\" >\n\t\t\t\t        <div class=\"ngg-gallery-thumbnail\">\n            <a href=\"http:\/\/www.hadef-hotel.com\/hadef\/wp-content\/gallery\/resto\/6-scaled.jpg\"\n               title=\"\"\n               data-src=\"http:\/\/www.hadef-hotel.com\/hadef\/wp-content\/gallery\/resto\/6-scaled.jpg\"\n               data-thumbnail=\"http:\/\/www.hadef-hotel.com\/hadef\/wp-content\/gallery\/resto\/thumbs\/thumbs_6-scaled.jpg\"\n               data-image-id=\"10\"\n               data-title=\"hadef-hotel\"\n               data-description=\"\"\n               data-image-slug=\"6-scaled\"\n               class=\"ngg-simplelightbox\" rel=\"98c42c63f57927779d150550f19f5d37\">\n                <img\n                    title=\"hadef-hotel\"\n                    alt=\"hadef-hotel\"\n                    src=\"http:\/\/www.hadef-hotel.com\/hadef\/wp-content\/gallery\/resto\/cache\/6-scaled.jpg-nggid0210-ngg0dyn-205x140x100-00f0w010c011r110f110r010t010.jpg\"\n                    width=\"205\"\n                    height=\"140\"\n                    style=\"max-width:100%;\"\n                \/>\n            <\/a>\n        <\/div>\n\t\t\t\t\t\t\t<\/div> \n\t\t\t\n\t\n\t<br style=\"clear: both\" \/>\n\n\t\n\t\t<!-- Pagination -->\n\t<div class='ngg-clear'><\/div>\t<\/div>\n\n\n\n\n<h2> HOTEL CHLEF |  BIENVENUE A L&rsquo;HOTEL HADEF <\/h2> <br>\n<p id=\"resto\" style=\"color:#a39b82 ;font-size :20px;\"><img src=\"http:\/\/www.hadef-hotel.com\/hadef\/wp-content\/uploads\/2020\/09\/IMG_20200910_175022101_HDR-scaled.jpg\" style=\"float:left;width:200px;height:280px; padding:30px;\" alt=\"HOTEL CHLEF HADEF\"> Hotel Hadef &#8211; R\u00e9staurant &#038; caf\u00e9t\u00e9ria &#8211; <br \/>  Repas de famille ou travail , pause caf\u00e9 et d\u00e9tente , l\u2019\u00e9quipe de l\u2019h\u00f4tel hadef sera \u00e0 votre \u00e9coute pour que votre venue soit une parfaite r\u00e9ussite.<\/p>\n\n\n\n<p style=\"color:#a39b82; font-size :20px;\">Aux beaux jours, la terrasse est parfaite pour organiser votre ap\u00e9ritif.<\/p>\n\n\n\n<p style=\"color:#a39b82; font-size :20px;\">Le Chef et toute son \u00e9quipe, d\u00e9ploient leurs savoir-faire et leurs passions pour vous assurer un moment inoubliable.<\/p>\n\n\n\n<ul style=\"color:#a39b82; font-size :20px;\"><li>Cuisine traditionnelle , turque<\/li><li> Menus personnalis\u00e9s selon vos envies.<\/li><\/ul>\n","protected":false},"excerpt":{"rendered":"<p>HOTEL CHLEF | BIENVENUE A L&rsquo;HOTEL HADEF Hotel Hadef &#8211; R\u00e9staurant &#038; caf\u00e9t\u00e9ria &#8211; Repas de famille ou travail , pause caf\u00e9 et d\u00e9tente , l\u2019\u00e9quipe de l\u2019h\u00f4tel hadef sera \u00e0 votre \u00e9coute pour que votre venue soit une parfaite r\u00e9ussite. Aux beaux jours, la terrasse est parfaite pour organiser votre ap\u00e9ritif. Le Chef et<\/p>\n","protected":false},"author":1,"featured_media":0,"parent":0,"menu_order":0,"comment_status":"closed","ping_status":"closed","template":"","meta":{"ngg_post_thumbnail":0,"spay_email":""},"yoast_head":"<!-- This site is optimized with the Yoast SEO plugin v14.9 - https:\/\/yoast.com\/wordpress\/plugins\/seo\/ -->\n<title>Hotel Hadef R\u00e9staurant et caf\u00e9t\u00e9ria - Soyez les Bienvenues -<\/title>\n<meta name=\"description\" content=\"Hotel Hadef R\u00e9staurant et caf\u00e9t\u00e9ria | Hotel,Restaurant,Salle des fetes,Salle de Sport ,Salle de conferences, Massages , Suna , Hammam ...\" \/>\n<meta name=\"robots\" content=\"index, follow, max-snippet:-1, max-image-preview:large, max-video-preview:-1\" \/>\n<link rel=\"canonical\" href=\"http:\/\/www.hadef-hotel.com\/hadef\/hotel-chlef-restaurant\/\" \/>\n<meta property=\"og:locale\" content=\"fr_FR\" \/>\n<meta property=\"og:type\" content=\"article\" \/>\n<meta property=\"og:title\" content=\"Hotel Hadef R\u00e9staurant et caf\u00e9t\u00e9ria - Soyez les Bienvenues -\" \/>\n<meta property=\"og:description\" content=\"Hotel Hadef R\u00e9staurant et caf\u00e9t\u00e9ria | Hotel,Restaurant,Salle des fetes,Salle de Sport ,Salle de conferences, Massages , Suna , Hammam ...\" \/>\n<meta property=\"og:url\" content=\"http:\/\/www.hadef-hotel.com\/hadef\/hotel-chlef-restaurant\/\" \/>\n<meta property=\"og:site_name\" content=\"Hotel Hadef Chlef\" \/>\n<meta property=\"article:publisher\" content=\"https:\/\/web.facebook.com\/HotelHadef?_rdc=1&amp;amp%3bamp%3bamp%3bamp%3bamp%3bamp%3bamp%3bamp%3bamp%3bamp%3bamp%3bamp%3bamp%3bamp%3bamp%3bamp%3bamp%3bamp%3bamp%3bamp%3bamp%3bamp%3bamp%3bamp%3bamp%3bamp%3bamp%3bamp%3bamp%3bamp%3bamp%3bamp%3b_rdr\" \/>\n<meta property=\"article:modified_time\" content=\"2021-02-01T12:57:06+00:00\" \/>\n<meta property=\"og:image\" content=\"http:\/\/www.hadef-hotel.com\/hadef\/wp-content\/uploads\/2020\/09\/IMG_20200910_175022101_HDR-scaled.jpg\" \/>\n<meta name=\"twitter:card\" content=\"summary_large_image\" \/>\n<script type=\"application\/ld+json\" class=\"yoast-schema-graph\">{\"@context\":\"https:\/\/schema.org\",\"@graph\":[{\"@type\":\"Organization\",\"@id\":\"http:\/\/www.hadef-hotel.com\/hadef\/#organization\",\"name\":\"HADEF HOTEL\",\"url\":\"http:\/\/www.hadef-hotel.com\/hadef\/\",\"sameAs\":[\"https:\/\/web.facebook.com\/HotelHadef?_rdc=1&amp;amp;amp;amp;amp;amp;amp;amp;amp;amp;amp;amp;amp;amp;amp;amp;amp;amp;amp;amp;amp;amp;amp;amp;amp;amp;amp;amp;amp;amp;amp;amp;_rdr\"],\"logo\":{\"@type\":\"ImageObject\",\"@id\":\"http:\/\/www.hadef-hotel.com\/hadef\/#logo\",\"inLanguage\":\"fr-FR\",\"url\":\"\",\"caption\":\"HADEF HOTEL\"},\"image\":{\"@id\":\"http:\/\/www.hadef-hotel.com\/hadef\/#logo\"}},{\"@type\":\"WebSite\",\"@id\":\"http:\/\/www.hadef-hotel.com\/hadef\/#website\",\"url\":\"http:\/\/www.hadef-hotel.com\/hadef\/\",\"name\":\"HOTEL CHLEF | BIENVENUE A L\\u2019HOTEL HADEF\",\"description\":\"- Bienvenue -\",\"publisher\":{\"@id\":\"http:\/\/www.hadef-hotel.com\/hadef\/#organization\"},\"inLanguage\":\"fr-FR\"},{\"@type\":\"ImageObject\",\"@id\":\"http:\/\/www.hadef-hotel.com\/hadef\/hotel-chlef-restaurant\/#primaryimage\",\"inLanguage\":\"fr-FR\",\"url\":\"http:\/\/www.hadef-hotel.com\/hadef\/wp-content\/uploads\/2020\/09\/IMG_20200910_175022101_HDR-scaled.jpg\",\"width\":1920,\"height\":2560},{\"@type\":\"WebPage\",\"@id\":\"http:\/\/www.hadef-hotel.com\/hadef\/hotel-chlef-restaurant\/#webpage\",\"url\":\"http:\/\/www.hadef-hotel.com\/hadef\/hotel-chlef-restaurant\/\",\"name\":\"Hotel Hadef R\\u00e9staurant et caf\\u00e9t\\u00e9ria - Soyez les Bienvenues -\",\"isPartOf\":{\"@id\":\"http:\/\/www.hadef-hotel.com\/hadef\/#website\"},\"primaryImageOfPage\":{\"@id\":\"http:\/\/www.hadef-hotel.com\/hadef\/hotel-chlef-restaurant\/#primaryimage\"},\"datePublished\":\"2020-09-15T08:23:12+00:00\",\"dateModified\":\"2021-02-01T12:57:06+00:00\",\"description\":\"Hotel Hadef R\\u00e9staurant et caf\\u00e9t\\u00e9ria | Hotel,Restaurant,Salle des fetes,Salle de Sport ,Salle de conferences, Massages , Suna , Hammam ...\",\"inLanguage\":\"fr-FR\",\"potentialAction\":[{\"@type\":\"ReadAction\",\"target\":[\"http:\/\/www.hadef-hotel.com\/hadef\/hotel-chlef-restaurant\/\"]}]}]}<\/script>\n<!-- \/ Yoast SEO plugin. -->","_links":{"self":[{"href":"http:\/\/www.hadef-hotel.com\/hadef\/wp-json\/wp\/v2\/pages\/49"}],"collection":[{"href":"http:\/\/www.hadef-hotel.com\/hadef\/wp-json\/wp\/v2\/pages"}],"about":[{"href":"http:\/\/www.hadef-hotel.com\/hadef\/wp-json\/wp\/v2\/types\/page"}],"author":[{"embeddable":true,"href":"http:\/\/www.hadef-hotel.com\/hadef\/wp-json\/wp\/v2\/users\/1"}],"replies":[{"embeddable":true,"href":"http:\/\/www.hadef-hotel.com\/hadef\/wp-json\/wp\/v2\/comments?post=49"}],"version-history":[{"count":49,"href":"http:\/\/www.hadef-hotel.com\/hadef\/wp-json\/wp\/v2\/pages\/49\/revisions"}],"predecessor-version":[{"id":802,"href":"http:\/\/www.hadef-hotel.com\/hadef\/wp-json\/wp\/v2\/pages\/49\/revisions\/802"}],"wp:attachment":[{"href":"http:\/\/www.hadef-hotel.com\/hadef\/wp-json\/wp\/v2\/media?parent=49"}],"curies":[{"name":"wp","href":"https:\/\/api.w.org\/{rel}","templated":true}]}}