{"id":52,"date":"2020-09-15T10:25:41","date_gmt":"2020-09-15T08:25:41","guid":{"rendered":"http:\/\/www.hadef-hotel.com\/hadef\/?page_id=52"},"modified":"2021-02-01T14:51:37","modified_gmt":"2021-02-01T13:51:37","slug":"salles-des-fetes","status":"publish","type":"page","link":"http:\/\/www.hadef-hotel.com\/hadef\/salles-des-fetes\/","title":{"rendered":"Salles pour f\u00eates"},"content":{"rendered":"\n<!-- default-view.php -->\n<div\n\tclass=\"ngg-galleryoverview default-view \"\n\tid=\"ngg-gallery-8bb19976be98df21ee28c95aa8292cfa-1\">\n\n\t\t<!-- Thumbnails -->\n\t\t\t\t<div id=\"ngg-image-0\" class=\"ngg-gallery-thumbnail-box ngg-3-columns\" >\n\t\t\t\t        <div class=\"ngg-gallery-thumbnail\">\n            <a href=\"http:\/\/www.hadef-hotel.com\/hadef\/wp-content\/gallery\/fetes\/IMG_20200910_180010115-scaled.jpg\"\n               title=\"\"\n               data-src=\"http:\/\/www.hadef-hotel.com\/hadef\/wp-content\/gallery\/fetes\/IMG_20200910_180010115-scaled.jpg\"\n               data-thumbnail=\"http:\/\/www.hadef-hotel.com\/hadef\/wp-content\/gallery\/fetes\/thumbs\/thumbs_IMG_20200910_180010115-scaled.jpg\"\n               data-image-id=\"16\"\n               data-title=\"hadef-hotel\"\n               data-description=\"\"\n               data-image-slug=\"img_20200910_180010115-scaled\"\n               class=\"ngg-simplelightbox\" rel=\"8bb19976be98df21ee28c95aa8292cfa\">\n                <img\n                    title=\"hadef-hotel\"\n                    alt=\"hadef-hotel\"\n                    src=\"http:\/\/www.hadef-hotel.com\/hadef\/wp-content\/gallery\/fetes\/cache\/IMG_20200910_180010115-scaled.jpg-nggid0216-ngg0dyn-205x140x100-00f0w010c011r110f110r010t010.jpg\"\n                    width=\"205\"\n                    height=\"140\"\n                    style=\"max-width:100%;\"\n                \/>\n            <\/a>\n        <\/div>\n\t\t\t\t\t\t\t<\/div> \n\t\t\t\n\t\t\t\t<div id=\"ngg-image-1\" class=\"ngg-gallery-thumbnail-box ngg-3-columns\" >\n\t\t\t\t        <div class=\"ngg-gallery-thumbnail\">\n            <a href=\"http:\/\/www.hadef-hotel.com\/hadef\/wp-content\/gallery\/fetes\/IMG_20200910_173245587-scaled.jpg\"\n               title=\"\"\n               data-src=\"http:\/\/www.hadef-hotel.com\/hadef\/wp-content\/gallery\/fetes\/IMG_20200910_173245587-scaled.jpg\"\n               data-thumbnail=\"http:\/\/www.hadef-hotel.com\/hadef\/wp-content\/gallery\/fetes\/thumbs\/thumbs_IMG_20200910_173245587-scaled.jpg\"\n               data-image-id=\"17\"\n               data-title=\"hadef-hotel\"\n               data-description=\"\"\n               data-image-slug=\"img_20200910_173245587-scaled\"\n               class=\"ngg-simplelightbox\" rel=\"8bb19976be98df21ee28c95aa8292cfa\">\n                <img\n                    title=\"hadef-hotel\"\n                    alt=\"hadef-hotel\"\n                    src=\"http:\/\/www.hadef-hotel.com\/hadef\/wp-content\/gallery\/fetes\/cache\/IMG_20200910_173245587-scaled.jpg-nggid0217-ngg0dyn-205x140x100-00f0w010c011r110f110r010t010.jpg\"\n                    width=\"205\"\n                    height=\"140\"\n                    style=\"max-width:100%;\"\n                \/>\n            <\/a>\n        <\/div>\n\t\t\t\t\t\t\t<\/div> \n\t\t\t\n\t\t\t\t<div id=\"ngg-image-2\" class=\"ngg-gallery-thumbnail-box ngg-3-columns\" >\n\t\t\t\t        <div class=\"ngg-gallery-thumbnail\">\n            <a href=\"http:\/\/www.hadef-hotel.com\/hadef\/wp-content\/gallery\/fetes\/IMG_20200910_173227020-1-scaled.jpg\"\n               title=\"\"\n               data-src=\"http:\/\/www.hadef-hotel.com\/hadef\/wp-content\/gallery\/fetes\/IMG_20200910_173227020-1-scaled.jpg\"\n               data-thumbnail=\"http:\/\/www.hadef-hotel.com\/hadef\/wp-content\/gallery\/fetes\/thumbs\/thumbs_IMG_20200910_173227020-1-scaled.jpg\"\n               data-image-id=\"18\"\n               data-title=\"hadef-hotel\"\n               data-description=\"\"\n               data-image-slug=\"img_20200910_173227020-1-scaled\"\n               class=\"ngg-simplelightbox\" rel=\"8bb19976be98df21ee28c95aa8292cfa\">\n                <img\n                    title=\"hadef-hotel\"\n                    alt=\"hadef-hotel\"\n                    src=\"http:\/\/www.hadef-hotel.com\/hadef\/wp-content\/gallery\/fetes\/cache\/IMG_20200910_173227020-1-scaled.jpg-nggid0218-ngg0dyn-205x140x100-00f0w010c011r110f110r010t010.jpg\"\n                    width=\"205\"\n                    height=\"140\"\n                    style=\"max-width:100%;\"\n                \/>\n            <\/a>\n        <\/div>\n\t\t\t\t\t\t\t<\/div> \n\t\t\t\n\t\t\t\t<div id=\"ngg-image-3\" class=\"ngg-gallery-thumbnail-box ngg-3-columns\" >\n\t\t\t\t        <div class=\"ngg-gallery-thumbnail\">\n            <a href=\"http:\/\/www.hadef-hotel.com\/hadef\/wp-content\/gallery\/fetes\/IMG_20200910_173222136-scaled.jpg\"\n               title=\"\"\n               data-src=\"http:\/\/www.hadef-hotel.com\/hadef\/wp-content\/gallery\/fetes\/IMG_20200910_173222136-scaled.jpg\"\n               data-thumbnail=\"http:\/\/www.hadef-hotel.com\/hadef\/wp-content\/gallery\/fetes\/thumbs\/thumbs_IMG_20200910_173222136-scaled.jpg\"\n               data-image-id=\"19\"\n               data-title=\"hadef-hotel\"\n               data-description=\"\"\n               data-image-slug=\"img_20200910_173222136-scaled\"\n               class=\"ngg-simplelightbox\" rel=\"8bb19976be98df21ee28c95aa8292cfa\">\n                <img\n                    title=\"hadef-hotel\"\n                    alt=\"hadef-hotel\"\n                    src=\"http:\/\/www.hadef-hotel.com\/hadef\/wp-content\/gallery\/fetes\/cache\/IMG_20200910_173222136-scaled.jpg-nggid0219-ngg0dyn-205x140x100-00f0w010c011r110f110r010t010.jpg\"\n                    width=\"205\"\n                    height=\"140\"\n                    style=\"max-width:100%;\"\n                \/>\n            <\/a>\n        <\/div>\n\t\t\t\t\t\t\t<\/div> \n\t\t\t\n\t\t\t\t<div id=\"ngg-image-4\" class=\"ngg-gallery-thumbnail-box ngg-3-columns\" >\n\t\t\t\t        <div class=\"ngg-gallery-thumbnail\">\n            <a href=\"http:\/\/www.hadef-hotel.com\/hadef\/wp-content\/gallery\/fetes\/IMG_20200910_173203707-scaled.jpg\"\n               title=\"\"\n               data-src=\"http:\/\/www.hadef-hotel.com\/hadef\/wp-content\/gallery\/fetes\/IMG_20200910_173203707-scaled.jpg\"\n               data-thumbnail=\"http:\/\/www.hadef-hotel.com\/hadef\/wp-content\/gallery\/fetes\/thumbs\/thumbs_IMG_20200910_173203707-scaled.jpg\"\n               data-image-id=\"20\"\n               data-title=\"hadef-hotel\"\n               data-description=\"\"\n               data-image-slug=\"img_20200910_173203707-scaled\"\n               class=\"ngg-simplelightbox\" rel=\"8bb19976be98df21ee28c95aa8292cfa\">\n                <img\n                    title=\"hadef-hotel\"\n                    alt=\"hadef-hotel\"\n                    src=\"http:\/\/www.hadef-hotel.com\/hadef\/wp-content\/gallery\/fetes\/cache\/IMG_20200910_173203707-scaled.jpg-nggid0220-ngg0dyn-205x140x100-00f0w010c011r110f110r010t010.jpg\"\n                    width=\"205\"\n                    height=\"140\"\n                    style=\"max-width:100%;\"\n                \/>\n            <\/a>\n        <\/div>\n\t\t\t\t\t\t\t<\/div> \n\t\t\t\n\t\t\t\t<div id=\"ngg-image-5\" class=\"ngg-gallery-thumbnail-box ngg-3-columns\" >\n\t\t\t\t        <div class=\"ngg-gallery-thumbnail\">\n            <a href=\"http:\/\/www.hadef-hotel.com\/hadef\/wp-content\/gallery\/fetes\/IMG_20200910_173143189-scaled.jpg\"\n               title=\"\"\n               data-src=\"http:\/\/www.hadef-hotel.com\/hadef\/wp-content\/gallery\/fetes\/IMG_20200910_173143189-scaled.jpg\"\n               data-thumbnail=\"http:\/\/www.hadef-hotel.com\/hadef\/wp-content\/gallery\/fetes\/thumbs\/thumbs_IMG_20200910_173143189-scaled.jpg\"\n               data-image-id=\"21\"\n               data-title=\"hadef-hotel\"\n               data-description=\"\"\n               data-image-slug=\"img_20200910_173143189-scaled\"\n               class=\"ngg-simplelightbox\" rel=\"8bb19976be98df21ee28c95aa8292cfa\">\n                <img\n                    title=\"hadef-hotel\"\n                    alt=\"hadef-hotel\"\n                    src=\"http:\/\/www.hadef-hotel.com\/hadef\/wp-content\/gallery\/fetes\/cache\/IMG_20200910_173143189-scaled.jpg-nggid0221-ngg0dyn-205x140x100-00f0w010c011r110f110r010t010.jpg\"\n                    width=\"205\"\n                    height=\"140\"\n                    style=\"max-width:100%;\"\n                \/>\n            <\/a>\n        <\/div>\n\t\t\t\t\t\t\t<\/div> \n\t\t\t\n\t\n\t<br style=\"clear: both\" \/>\n\n\t\n\t\t<!-- Pagination -->\n\t<div class='ngg-clear'><\/div>\t<\/div>\n\n<p>&nbsp;<\/p>\n\n\n\n<h2>HOTEL CHLEF |  BIENVENUE A L&rsquo;HOTEL HADEF<\/h2><br \/>\n<p style=\"color:#a39b82; font-size :20px;\"><img src=\"http:\/\/www.hadef-hotel.com\/hadef\/wp-content\/uploads\/2020\/09\/IMG_20200910_180413409-scaled.jpg\" style=\"float:left;width:230px;height:230px; padding:30px;\" alt=\"HOTEL CHLEF HADEF\">  Hotel Hadef  &#8211; Salle des fetes &#8211; C\u00e9l\u00e9brer son mariage dans un h\u00f4tel pr\u00e9sente beaucoup d\u2019avantages la salle peut s\u2019adapter \u00e0 votre gout, avec une taille et d\u00e9coration que vous pouvez choisir,  vous b\u00e9n\u00e9ficiez d\u2019un personnel de qualit\u00e9, avec des cuisiniers et des serveurs qualifi\u00e9s et s\u00e9rieux, avec possibilit\u00e9 de r\u00e9server votre nuit de noce directement dans l\u2019h\u00f4tel . <\/p>\n\n\n\n<p style=\"color:#a39b82; font-size :20px;\">L\u2019h\u00f4tel Hadef dispose de deux salles des f\u00eates, &nbsp;pouvant accueillir environ 350 et 450 invit\u00e9s .<\/p>\n","protected":false},"excerpt":{"rendered":"<p>HOTEL CHLEF | BIENVENUE A L&rsquo;HOTEL HADEF Hotel Hadef &#8211; Salle des fetes &#8211; C\u00e9l\u00e9brer son mariage dans un h\u00f4tel pr\u00e9sente beaucoup d\u2019avantages la salle peut s\u2019adapter \u00e0 votre gout, avec une taille et d\u00e9coration que vous pouvez choisir, vous b\u00e9n\u00e9ficiez d\u2019un personnel de qualit\u00e9, avec des cuisiniers et des serveurs qualifi\u00e9s et s\u00e9rieux, avec<\/p>\n","protected":false},"author":1,"featured_media":0,"parent":0,"menu_order":0,"comment_status":"closed","ping_status":"closed","template":"","meta":{"ngg_post_thumbnail":0,"spay_email":""},"yoast_head":"<!-- This site is optimized with the Yoast SEO plugin v14.9 - https:\/\/yoast.com\/wordpress\/plugins\/seo\/ -->\n<title>Hotel Hadef Salle des fetes | Soyez les Bienvenues<\/title>\n<meta name=\"description\" content=\"Hotel Hadef Salle des fetes - Bienvenue - Hotel,Restaurant,Salle des fetes,Salle de Sport ,Salle de conferences, Massages , Suna , Hammam\" \/>\n<meta name=\"robots\" content=\"index, follow, max-snippet:-1, max-image-preview:large, max-video-preview:-1\" \/>\n<link rel=\"canonical\" href=\"http:\/\/www.hadef-hotel.com\/hadef\/salles-des-fetes\/\" \/>\n<meta property=\"og:locale\" content=\"fr_FR\" \/>\n<meta property=\"og:type\" content=\"article\" \/>\n<meta property=\"og:title\" content=\"Hotel Hadef Salle des fetes | Soyez les Bienvenues\" \/>\n<meta property=\"og:description\" content=\"Hotel Hadef Salle des fetes - Bienvenue - Hotel,Restaurant,Salle des fetes,Salle de Sport ,Salle de conferences, Massages , Suna , Hammam\" \/>\n<meta property=\"og:url\" content=\"http:\/\/www.hadef-hotel.com\/hadef\/salles-des-fetes\/\" \/>\n<meta property=\"og:site_name\" content=\"Hotel Hadef Chlef\" \/>\n<meta property=\"article:publisher\" content=\"https:\/\/web.facebook.com\/HotelHadef?_rdc=1&amp;amp%3bamp%3bamp%3bamp%3bamp%3bamp%3bamp%3bamp%3bamp%3bamp%3bamp%3bamp%3bamp%3bamp%3bamp%3bamp%3bamp%3bamp%3bamp%3bamp%3bamp%3bamp%3bamp%3bamp%3bamp%3bamp%3bamp%3bamp%3bamp%3bamp%3bamp%3bamp%3b_rdr\" \/>\n<meta property=\"article:modified_time\" content=\"2021-02-01T13:51:37+00:00\" \/>\n<meta property=\"og:image\" content=\"http:\/\/www.hadef-hotel.com\/hadef\/wp-content\/uploads\/2020\/09\/IMG_20200910_180413409-scaled.jpg\" \/>\n<meta name=\"twitter:card\" content=\"summary_large_image\" \/>\n<script type=\"application\/ld+json\" class=\"yoast-schema-graph\">{\"@context\":\"https:\/\/schema.org\",\"@graph\":[{\"@type\":\"Organization\",\"@id\":\"http:\/\/www.hadef-hotel.com\/hadef\/#organization\",\"name\":\"HADEF HOTEL\",\"url\":\"http:\/\/www.hadef-hotel.com\/hadef\/\",\"sameAs\":[\"https:\/\/web.facebook.com\/HotelHadef?_rdc=1&amp;amp;amp;amp;amp;amp;amp;amp;amp;amp;amp;amp;amp;amp;amp;amp;amp;amp;amp;amp;amp;amp;amp;amp;amp;amp;amp;amp;amp;amp;amp;amp;_rdr\"],\"logo\":{\"@type\":\"ImageObject\",\"@id\":\"http:\/\/www.hadef-hotel.com\/hadef\/#logo\",\"inLanguage\":\"fr-FR\",\"url\":\"\",\"caption\":\"HADEF HOTEL\"},\"image\":{\"@id\":\"http:\/\/www.hadef-hotel.com\/hadef\/#logo\"}},{\"@type\":\"WebSite\",\"@id\":\"http:\/\/www.hadef-hotel.com\/hadef\/#website\",\"url\":\"http:\/\/www.hadef-hotel.com\/hadef\/\",\"name\":\"HOTEL CHLEF | BIENVENUE A L\\u2019HOTEL HADEF\",\"description\":\"- Bienvenue -\",\"publisher\":{\"@id\":\"http:\/\/www.hadef-hotel.com\/hadef\/#organization\"},\"inLanguage\":\"fr-FR\"},{\"@type\":\"ImageObject\",\"@id\":\"http:\/\/www.hadef-hotel.com\/hadef\/salles-des-fetes\/#primaryimage\",\"inLanguage\":\"fr-FR\",\"url\":\"http:\/\/www.hadef-hotel.com\/hadef\/wp-content\/uploads\/2020\/09\/IMG_20200910_180413409-scaled.jpg\",\"width\":1920,\"height\":2560},{\"@type\":\"WebPage\",\"@id\":\"http:\/\/www.hadef-hotel.com\/hadef\/salles-des-fetes\/#webpage\",\"url\":\"http:\/\/www.hadef-hotel.com\/hadef\/salles-des-fetes\/\",\"name\":\"Hotel Hadef Salle des fetes | Soyez les Bienvenues\",\"isPartOf\":{\"@id\":\"http:\/\/www.hadef-hotel.com\/hadef\/#website\"},\"primaryImageOfPage\":{\"@id\":\"http:\/\/www.hadef-hotel.com\/hadef\/salles-des-fetes\/#primaryimage\"},\"datePublished\":\"2020-09-15T08:25:41+00:00\",\"dateModified\":\"2021-02-01T13:51:37+00:00\",\"description\":\"Hotel Hadef Salle des fetes - Bienvenue - Hotel,Restaurant,Salle des fetes,Salle de Sport ,Salle de conferences, Massages , Suna , Hammam\",\"inLanguage\":\"fr-FR\",\"potentialAction\":[{\"@type\":\"ReadAction\",\"target\":[\"http:\/\/www.hadef-hotel.com\/hadef\/salles-des-fetes\/\"]}]}]}<\/script>\n<!-- \/ Yoast SEO plugin. -->","_links":{"self":[{"href":"http:\/\/www.hadef-hotel.com\/hadef\/wp-json\/wp\/v2\/pages\/52"}],"collection":[{"href":"http:\/\/www.hadef-hotel.com\/hadef\/wp-json\/wp\/v2\/pages"}],"about":[{"href":"http:\/\/www.hadef-hotel.com\/hadef\/wp-json\/wp\/v2\/types\/page"}],"author":[{"embeddable":true,"href":"http:\/\/www.hadef-hotel.com\/hadef\/wp-json\/wp\/v2\/users\/1"}],"replies":[{"embeddable":true,"href":"http:\/\/www.hadef-hotel.com\/hadef\/wp-json\/wp\/v2\/comments?post=52"}],"version-history":[{"count":37,"href":"http:\/\/www.hadef-hotel.com\/hadef\/wp-json\/wp\/v2\/pages\/52\/revisions"}],"predecessor-version":[{"id":835,"href":"http:\/\/www.hadef-hotel.com\/hadef\/wp-json\/wp\/v2\/pages\/52\/revisions\/835"}],"wp:attachment":[{"href":"http:\/\/www.hadef-hotel.com\/hadef\/wp-json\/wp\/v2\/media?parent=52"}],"curies":[{"name":"wp","href":"https:\/\/api.w.org\/{rel}","templated":true}]}}