{"id":56,"date":"2020-09-15T10:26:51","date_gmt":"2020-09-15T08:26:51","guid":{"rendered":"http:\/\/www.hadef-hotel.com\/hadef\/?page_id=56"},"modified":"2021-02-01T14:30:13","modified_gmt":"2021-02-01T13:30:13","slug":"hotel-chlef-hadef-sport-sauna","status":"publish","type":"page","link":"http:\/\/www.hadef-hotel.com\/hadef\/hotel-chlef-hadef-sport-sauna\/","title":{"rendered":"Fitness &#038; d\u00e9tente"},"content":{"rendered":"\n<!-- default-view.php -->\n<div\n\tclass=\"ngg-galleryoverview default-view \"\n\tid=\"ngg-gallery-0f9582ab7b4539b3d08c5786381e5534-1\">\n\n\t\t<!-- Thumbnails -->\n\t\t\t\t<div id=\"ngg-image-0\" class=\"ngg-gallery-thumbnail-box ngg-3-columns\" >\n\t\t\t\t        <div class=\"ngg-gallery-thumbnail\">\n            <a href=\"http:\/\/www.hadef-hotel.com\/hadef\/wp-content\/gallery\/fitness\/f5-scaled.jpg\"\n               title=\"\"\n               data-src=\"http:\/\/www.hadef-hotel.com\/hadef\/wp-content\/gallery\/fitness\/f5-scaled.jpg\"\n               data-thumbnail=\"http:\/\/www.hadef-hotel.com\/hadef\/wp-content\/gallery\/fitness\/thumbs\/thumbs_f5-scaled.jpg\"\n               data-image-id=\"29\"\n               data-title=\"hadef-hotel\"\n               data-description=\"\"\n               data-image-slug=\"f5-scaled\"\n               class=\"ngg-simplelightbox\" rel=\"0f9582ab7b4539b3d08c5786381e5534\">\n                <img\n                    title=\"hadef-hotel\"\n                    alt=\"hadef-hotel\"\n                    src=\"http:\/\/www.hadef-hotel.com\/hadef\/wp-content\/gallery\/fitness\/cache\/f5-scaled.jpg-nggid0229-ngg0dyn-205x140x100-00f0w010c011r110f110r010t010.jpg\"\n                    width=\"205\"\n                    height=\"140\"\n                    style=\"max-width:100%;\"\n                \/>\n            <\/a>\n        <\/div>\n\t\t\t\t\t\t\t<\/div> \n\t\t\t\n\t\t\t\t<div id=\"ngg-image-1\" class=\"ngg-gallery-thumbnail-box ngg-3-columns\" >\n\t\t\t\t        <div class=\"ngg-gallery-thumbnail\">\n            <a href=\"http:\/\/www.hadef-hotel.com\/hadef\/wp-content\/gallery\/fitness\/f4-scaled.jpg\"\n               title=\"\"\n               data-src=\"http:\/\/www.hadef-hotel.com\/hadef\/wp-content\/gallery\/fitness\/f4-scaled.jpg\"\n               data-thumbnail=\"http:\/\/www.hadef-hotel.com\/hadef\/wp-content\/gallery\/fitness\/thumbs\/thumbs_f4-scaled.jpg\"\n               data-image-id=\"30\"\n               data-title=\"hadef-hotel\"\n               data-description=\"\"\n               data-image-slug=\"f4-scaled\"\n               class=\"ngg-simplelightbox\" rel=\"0f9582ab7b4539b3d08c5786381e5534\">\n                <img\n                    title=\"hadef-hotel\"\n                    alt=\"hadef-hotel\"\n                    src=\"http:\/\/www.hadef-hotel.com\/hadef\/wp-content\/gallery\/fitness\/cache\/f4-scaled.jpg-nggid0230-ngg0dyn-205x140x100-00f0w010c011r110f110r010t010.jpg\"\n                    width=\"205\"\n                    height=\"140\"\n                    style=\"max-width:100%;\"\n                \/>\n            <\/a>\n        <\/div>\n\t\t\t\t\t\t\t<\/div> \n\t\t\t\n\t\t\t\t<div id=\"ngg-image-2\" class=\"ngg-gallery-thumbnail-box ngg-3-columns\" >\n\t\t\t\t        <div class=\"ngg-gallery-thumbnail\">\n            <a href=\"http:\/\/www.hadef-hotel.com\/hadef\/wp-content\/gallery\/fitness\/f3-scaled.jpg\"\n               title=\"\"\n               data-src=\"http:\/\/www.hadef-hotel.com\/hadef\/wp-content\/gallery\/fitness\/f3-scaled.jpg\"\n               data-thumbnail=\"http:\/\/www.hadef-hotel.com\/hadef\/wp-content\/gallery\/fitness\/thumbs\/thumbs_f3-scaled.jpg\"\n               data-image-id=\"31\"\n               data-title=\"hadef-hotel\"\n               data-description=\"\"\n               data-image-slug=\"f3-scaled\"\n               class=\"ngg-simplelightbox\" rel=\"0f9582ab7b4539b3d08c5786381e5534\">\n                <img\n                    title=\"hadef-hotel\"\n                    alt=\"hadef-hotel\"\n                    src=\"http:\/\/www.hadef-hotel.com\/hadef\/wp-content\/gallery\/fitness\/cache\/f3-scaled.jpg-nggid0231-ngg0dyn-205x140x100-00f0w010c011r110f110r010t010.jpg\"\n                    width=\"205\"\n                    height=\"140\"\n                    style=\"max-width:100%;\"\n                \/>\n            <\/a>\n        <\/div>\n\t\t\t\t\t\t\t<\/div> \n\t\t\t\n\t\t\t\t<div id=\"ngg-image-3\" class=\"ngg-gallery-thumbnail-box ngg-3-columns\" >\n\t\t\t\t        <div class=\"ngg-gallery-thumbnail\">\n            <a href=\"http:\/\/www.hadef-hotel.com\/hadef\/wp-content\/gallery\/fitness\/f2-scaled.jpg\"\n               title=\"\"\n               data-src=\"http:\/\/www.hadef-hotel.com\/hadef\/wp-content\/gallery\/fitness\/f2-scaled.jpg\"\n               data-thumbnail=\"http:\/\/www.hadef-hotel.com\/hadef\/wp-content\/gallery\/fitness\/thumbs\/thumbs_f2-scaled.jpg\"\n               data-image-id=\"32\"\n               data-title=\"hadef-hotel\"\n               data-description=\"\"\n               data-image-slug=\"f2-scaled\"\n               class=\"ngg-simplelightbox\" rel=\"0f9582ab7b4539b3d08c5786381e5534\">\n                <img\n                    title=\"hadef-hotel\"\n                    alt=\"hadef-hotel\"\n                    src=\"http:\/\/www.hadef-hotel.com\/hadef\/wp-content\/gallery\/fitness\/cache\/f2-scaled.jpg-nggid0232-ngg0dyn-205x140x100-00f0w010c011r110f110r010t010.jpg\"\n                    width=\"205\"\n                    height=\"140\"\n                    style=\"max-width:100%;\"\n                \/>\n            <\/a>\n        <\/div>\n\t\t\t\t\t\t\t<\/div> \n\t\t\t\n\t\t\t\t<div id=\"ngg-image-4\" class=\"ngg-gallery-thumbnail-box ngg-3-columns\" >\n\t\t\t\t        <div class=\"ngg-gallery-thumbnail\">\n            <a href=\"http:\/\/www.hadef-hotel.com\/hadef\/wp-content\/gallery\/fitness\/f1-scaled.jpg\"\n               title=\"\"\n               data-src=\"http:\/\/www.hadef-hotel.com\/hadef\/wp-content\/gallery\/fitness\/f1-scaled.jpg\"\n               data-thumbnail=\"http:\/\/www.hadef-hotel.com\/hadef\/wp-content\/gallery\/fitness\/thumbs\/thumbs_f1-scaled.jpg\"\n               data-image-id=\"33\"\n               data-title=\"hadef-hotel\"\n               data-description=\"\"\n               data-image-slug=\"f1-scaled\"\n               class=\"ngg-simplelightbox\" rel=\"0f9582ab7b4539b3d08c5786381e5534\">\n                <img\n                    title=\"hadef-hotel\"\n                    alt=\"hadef-hotel\"\n                    src=\"http:\/\/www.hadef-hotel.com\/hadef\/wp-content\/gallery\/fitness\/cache\/f1-scaled.jpg-nggid0233-ngg0dyn-205x140x100-00f0w010c011r110f110r010t010.jpg\"\n                    width=\"205\"\n                    height=\"140\"\n                    style=\"max-width:100%;\"\n                \/>\n            <\/a>\n        <\/div>\n\t\t\t\t\t\t\t<\/div> \n\t\t\t\n\t\t\t\t<div id=\"ngg-image-5\" class=\"ngg-gallery-thumbnail-box ngg-3-columns\" >\n\t\t\t\t        <div class=\"ngg-gallery-thumbnail\">\n            <a href=\"http:\/\/www.hadef-hotel.com\/hadef\/wp-content\/gallery\/fitness\/f6-scaled.jpg\"\n               title=\"\"\n               data-src=\"http:\/\/www.hadef-hotel.com\/hadef\/wp-content\/gallery\/fitness\/f6-scaled.jpg\"\n               data-thumbnail=\"http:\/\/www.hadef-hotel.com\/hadef\/wp-content\/gallery\/fitness\/thumbs\/thumbs_f6-scaled.jpg\"\n               data-image-id=\"28\"\n               data-title=\"hadef-hotel\"\n               data-description=\"\"\n               data-image-slug=\"f6-scaled\"\n               class=\"ngg-simplelightbox\" rel=\"0f9582ab7b4539b3d08c5786381e5534\">\n                <img\n                    title=\"hadef-hotel\"\n                    alt=\"hadef-hotel\"\n                    src=\"http:\/\/www.hadef-hotel.com\/hadef\/wp-content\/gallery\/fitness\/cache\/f6-scaled.jpg-nggid0228-ngg0dyn-205x140x100-00f0w010c011r110f110r010t010.jpg\"\n                    width=\"205\"\n                    height=\"140\"\n                    style=\"max-width:100%;\"\n                \/>\n            <\/a>\n        <\/div>\n\t\t\t\t\t\t\t<\/div> \n\t\t\t\n\t\t\t\t<div id=\"ngg-image-6\" class=\"ngg-gallery-thumbnail-box ngg-3-columns\" >\n\t\t\t\t        <div class=\"ngg-gallery-thumbnail\">\n            <a href=\"http:\/\/www.hadef-hotel.com\/hadef\/wp-content\/gallery\/fitness\/f12-scaled.jpg\"\n               title=\"\"\n               data-src=\"http:\/\/www.hadef-hotel.com\/hadef\/wp-content\/gallery\/fitness\/f12-scaled.jpg\"\n               data-thumbnail=\"http:\/\/www.hadef-hotel.com\/hadef\/wp-content\/gallery\/fitness\/thumbs\/thumbs_f12-scaled.jpg\"\n               data-image-id=\"22\"\n               data-title=\"hadef-hotel\"\n               data-description=\"\"\n               data-image-slug=\"f12-scaled\"\n               class=\"ngg-simplelightbox\" rel=\"0f9582ab7b4539b3d08c5786381e5534\">\n                <img\n                    title=\"hadef-hotel\"\n                    alt=\"hadef-hotel\"\n                    src=\"http:\/\/www.hadef-hotel.com\/hadef\/wp-content\/gallery\/fitness\/cache\/f12-scaled.jpg-nggid0222-ngg0dyn-205x140x100-00f0w010c011r110f110r010t010.jpg\"\n                    width=\"205\"\n                    height=\"140\"\n                    style=\"max-width:100%;\"\n                \/>\n            <\/a>\n        <\/div>\n\t\t\t\t\t\t\t<\/div> \n\t\t\t\n\t\t\t\t<div id=\"ngg-image-7\" class=\"ngg-gallery-thumbnail-box ngg-3-columns\" >\n\t\t\t\t        <div class=\"ngg-gallery-thumbnail\">\n            <a href=\"http:\/\/www.hadef-hotel.com\/hadef\/wp-content\/gallery\/fitness\/f11-scaled.jpg\"\n               title=\"\"\n               data-src=\"http:\/\/www.hadef-hotel.com\/hadef\/wp-content\/gallery\/fitness\/f11-scaled.jpg\"\n               data-thumbnail=\"http:\/\/www.hadef-hotel.com\/hadef\/wp-content\/gallery\/fitness\/thumbs\/thumbs_f11-scaled.jpg\"\n               data-image-id=\"23\"\n               data-title=\"hadef-hotel\"\n               data-description=\"\"\n               data-image-slug=\"f11-scaled\"\n               class=\"ngg-simplelightbox\" rel=\"0f9582ab7b4539b3d08c5786381e5534\">\n                <img\n                    title=\"hadef-hotel\"\n                    alt=\"hadef-hotel\"\n                    src=\"http:\/\/www.hadef-hotel.com\/hadef\/wp-content\/gallery\/fitness\/cache\/f11-scaled.jpg-nggid0223-ngg0dyn-205x140x100-00f0w010c011r110f110r010t010.jpg\"\n                    width=\"205\"\n                    height=\"140\"\n                    style=\"max-width:100%;\"\n                \/>\n            <\/a>\n        <\/div>\n\t\t\t\t\t\t\t<\/div> \n\t\t\t\n\t\t\t\t<div id=\"ngg-image-8\" class=\"ngg-gallery-thumbnail-box ngg-3-columns\" >\n\t\t\t\t        <div class=\"ngg-gallery-thumbnail\">\n            <a href=\"http:\/\/www.hadef-hotel.com\/hadef\/wp-content\/gallery\/fitness\/f10-scaled.jpg\"\n               title=\"\"\n               data-src=\"http:\/\/www.hadef-hotel.com\/hadef\/wp-content\/gallery\/fitness\/f10-scaled.jpg\"\n               data-thumbnail=\"http:\/\/www.hadef-hotel.com\/hadef\/wp-content\/gallery\/fitness\/thumbs\/thumbs_f10-scaled.jpg\"\n               data-image-id=\"24\"\n               data-title=\"hadef-hotel\"\n               data-description=\"\"\n               data-image-slug=\"f10-scaled\"\n               class=\"ngg-simplelightbox\" rel=\"0f9582ab7b4539b3d08c5786381e5534\">\n                <img\n                    title=\"hadef-hotel\"\n                    alt=\"hadef-hotel\"\n                    src=\"http:\/\/www.hadef-hotel.com\/hadef\/wp-content\/gallery\/fitness\/cache\/f10-scaled.jpg-nggid0224-ngg0dyn-205x140x100-00f0w010c011r110f110r010t010.jpg\"\n                    width=\"205\"\n                    height=\"140\"\n                    style=\"max-width:100%;\"\n                \/>\n            <\/a>\n        <\/div>\n\t\t\t\t\t\t\t<\/div> \n\t\t\t\n\t\t\t\t<div id=\"ngg-image-9\" class=\"ngg-gallery-thumbnail-box ngg-3-columns\" >\n\t\t\t\t        <div class=\"ngg-gallery-thumbnail\">\n            <a href=\"http:\/\/www.hadef-hotel.com\/hadef\/wp-content\/gallery\/fitness\/f9-scaled.jpg\"\n               title=\"\"\n               data-src=\"http:\/\/www.hadef-hotel.com\/hadef\/wp-content\/gallery\/fitness\/f9-scaled.jpg\"\n               data-thumbnail=\"http:\/\/www.hadef-hotel.com\/hadef\/wp-content\/gallery\/fitness\/thumbs\/thumbs_f9-scaled.jpg\"\n               data-image-id=\"25\"\n               data-title=\"hadef-hotel\"\n               data-description=\"\"\n               data-image-slug=\"f9-scaled\"\n               class=\"ngg-simplelightbox\" rel=\"0f9582ab7b4539b3d08c5786381e5534\">\n                <img\n                    title=\"hadef-hotel\"\n                    alt=\"hadef-hotel\"\n                    src=\"http:\/\/www.hadef-hotel.com\/hadef\/wp-content\/gallery\/fitness\/cache\/f9-scaled.jpg-nggid0225-ngg0dyn-205x140x100-00f0w010c011r110f110r010t010.jpg\"\n                    width=\"205\"\n                    height=\"140\"\n                    style=\"max-width:100%;\"\n                \/>\n            <\/a>\n        <\/div>\n\t\t\t\t\t\t\t<\/div> \n\t\t\t\n\t\t\t\t<div id=\"ngg-image-10\" class=\"ngg-gallery-thumbnail-box ngg-3-columns\" >\n\t\t\t\t        <div class=\"ngg-gallery-thumbnail\">\n            <a href=\"http:\/\/www.hadef-hotel.com\/hadef\/wp-content\/gallery\/fitness\/f8-scaled.jpg\"\n               title=\"\"\n               data-src=\"http:\/\/www.hadef-hotel.com\/hadef\/wp-content\/gallery\/fitness\/f8-scaled.jpg\"\n               data-thumbnail=\"http:\/\/www.hadef-hotel.com\/hadef\/wp-content\/gallery\/fitness\/thumbs\/thumbs_f8-scaled.jpg\"\n               data-image-id=\"26\"\n               data-title=\"hadef-hotel\"\n               data-description=\"\"\n               data-image-slug=\"f8-scaled\"\n               class=\"ngg-simplelightbox\" rel=\"0f9582ab7b4539b3d08c5786381e5534\">\n                <img\n                    title=\"hadef-hotel\"\n                    alt=\"hadef-hotel\"\n                    src=\"http:\/\/www.hadef-hotel.com\/hadef\/wp-content\/gallery\/fitness\/cache\/f8-scaled.jpg-nggid0226-ngg0dyn-205x140x100-00f0w010c011r110f110r010t010.jpg\"\n                    width=\"205\"\n                    height=\"140\"\n                    style=\"max-width:100%;\"\n                \/>\n            <\/a>\n        <\/div>\n\t\t\t\t\t\t\t<\/div> \n\t\t\t\n\t\t\t\t<div id=\"ngg-image-11\" class=\"ngg-gallery-thumbnail-box ngg-3-columns\" >\n\t\t\t\t        <div class=\"ngg-gallery-thumbnail\">\n            <a href=\"http:\/\/www.hadef-hotel.com\/hadef\/wp-content\/gallery\/fitness\/f7-scaled.jpg\"\n               title=\"\"\n               data-src=\"http:\/\/www.hadef-hotel.com\/hadef\/wp-content\/gallery\/fitness\/f7-scaled.jpg\"\n               data-thumbnail=\"http:\/\/www.hadef-hotel.com\/hadef\/wp-content\/gallery\/fitness\/thumbs\/thumbs_f7-scaled.jpg\"\n               data-image-id=\"27\"\n               data-title=\"hadef-hotel\"\n               data-description=\"\"\n               data-image-slug=\"f7-scaled\"\n               class=\"ngg-simplelightbox\" rel=\"0f9582ab7b4539b3d08c5786381e5534\">\n                <img\n                    title=\"hadef-hotel\"\n                    alt=\"hadef-hotel\"\n                    src=\"http:\/\/www.hadef-hotel.com\/hadef\/wp-content\/gallery\/fitness\/cache\/f7-scaled.jpg-nggid0227-ngg0dyn-205x140x100-00f0w010c011r110f110r010t010.jpg\"\n                    width=\"205\"\n                    height=\"140\"\n                    style=\"max-width:100%;\"\n                \/>\n            <\/a>\n        <\/div>\n\t\t\t\t\t\t\t<\/div> \n\t\t\t\n\t\n\t<br style=\"clear: both\" \/>\n\n\t\n\t\t<!-- Pagination -->\n\t<div class='ngg-clear'><\/div>\t<\/div>\n\n\n\n\n<h2>HOTEL CHLEF |  BIENVENUE A L&rsquo;HOTEL HADEF<\/h2>\n\n<p style=\"color:#a39b82; font-size :20px;\"><img src=\"http:\/\/www.hadef-hotel.com\/hadef\/wp-content\/uploads\/2020\/09\/IMG_20200910_173846969-scaled.jpg\" style=\"float:left;width:220px;height:300px; padding:30px;\" alt=\"HOTEL CHLEF HADEF\"> Hotel Hadef &#8211; Fitness et d\u00e9tente &#8211; Retrouvez tout un \u00e9quipement professionnel pour la musculation, le fitness, la remise en forme et le bien \u00eatre, chacun s&rsquo;entra\u00eene \u00e0 son rythme dans la salle de sport de l\u2019h\u00f4tel hadef .<\/p>\n\n\n\n<p style=\"color:#a39b82; font-size :20px;\"> Vous vivrez aussi des moments de d\u00e9tente, s\u00e9r\u00e9nit\u00e9 et relaxation gr\u00e2ce a nos services des soins du corps : <\/p>\n\n\n\n<ul style=\"color:#a39b82; font-size :20px;\"><li>massages<\/li><li>hammam<\/li><li>sauna<\/li><li>piscine<\/li><li>spa<\/li><li>soins et beaut\u00e9<\/li><\/ul>\n\n\n\n<p><\/p>\n","protected":false},"excerpt":{"rendered":"<p>HOTEL CHLEF | BIENVENUE A L&rsquo;HOTEL HADEF Hotel Hadef &#8211; Fitness et d\u00e9tente &#8211; Retrouvez tout un \u00e9quipement professionnel pour la musculation, le fitness, la remise en forme et le bien \u00eatre, chacun s&rsquo;entra\u00eene \u00e0 son rythme dans la salle de sport de l\u2019h\u00f4tel hadef . Vous vivrez aussi des moments de d\u00e9tente, s\u00e9r\u00e9nit\u00e9 et<\/p>\n","protected":false},"author":1,"featured_media":0,"parent":0,"menu_order":0,"comment_status":"closed","ping_status":"closed","template":"","meta":{"ngg_post_thumbnail":0,"spay_email":""},"yoast_head":"<!-- This site is optimized with the Yoast SEO plugin v14.9 - https:\/\/yoast.com\/wordpress\/plugins\/seo\/ -->\n<title>Hotel Hadef Fitness et d\u00e9tente | Soyez les Bienvenues<\/title>\n<meta name=\"description\" content=\"Hotel Hadef Fitness et d\u00e9tente - Bienvenue - Hotel,Restaurant,Salle des fetes,Salle de Sport ,Salle de conferences, Massages , Suna , Hammam\" \/>\n<meta name=\"robots\" content=\"index, follow, max-snippet:-1, max-image-preview:large, max-video-preview:-1\" \/>\n<link rel=\"canonical\" href=\"http:\/\/www.hadef-hotel.com\/hadef\/hotel-chlef-hadef-sport-sauna\/\" \/>\n<meta property=\"og:locale\" content=\"fr_FR\" \/>\n<meta property=\"og:type\" content=\"article\" \/>\n<meta property=\"og:title\" content=\"Hotel Hadef Fitness et d\u00e9tente | Soyez les Bienvenues\" \/>\n<meta property=\"og:description\" content=\"Hotel Hadef Fitness et d\u00e9tente - Bienvenue - Hotel,Restaurant,Salle des fetes,Salle de Sport ,Salle de conferences, Massages , Suna , Hammam\" \/>\n<meta property=\"og:url\" content=\"http:\/\/www.hadef-hotel.com\/hadef\/hotel-chlef-hadef-sport-sauna\/\" \/>\n<meta property=\"og:site_name\" content=\"Hotel Hadef Chlef\" \/>\n<meta property=\"article:publisher\" content=\"https:\/\/web.facebook.com\/HotelHadef?_rdc=1&amp;amp%3bamp%3bamp%3bamp%3bamp%3bamp%3bamp%3bamp%3bamp%3bamp%3bamp%3bamp%3bamp%3bamp%3bamp%3bamp%3bamp%3bamp%3bamp%3bamp%3bamp%3bamp%3bamp%3bamp%3bamp%3bamp%3bamp%3bamp%3bamp%3bamp%3bamp%3bamp%3b_rdr\" \/>\n<meta property=\"article:modified_time\" content=\"2021-02-01T13:30:13+00:00\" \/>\n<meta property=\"og:image\" content=\"http:\/\/www.hadef-hotel.com\/hadef\/wp-content\/uploads\/2020\/09\/IMG_20200910_173846969-scaled.jpg\" \/>\n<meta name=\"twitter:card\" content=\"summary_large_image\" \/>\n<script type=\"application\/ld+json\" class=\"yoast-schema-graph\">{\"@context\":\"https:\/\/schema.org\",\"@graph\":[{\"@type\":\"Organization\",\"@id\":\"http:\/\/www.hadef-hotel.com\/hadef\/#organization\",\"name\":\"HADEF HOTEL\",\"url\":\"http:\/\/www.hadef-hotel.com\/hadef\/\",\"sameAs\":[\"https:\/\/web.facebook.com\/HotelHadef?_rdc=1&amp;amp;amp;amp;amp;amp;amp;amp;amp;amp;amp;amp;amp;amp;amp;amp;amp;amp;amp;amp;amp;amp;amp;amp;amp;amp;amp;amp;amp;amp;amp;amp;_rdr\"],\"logo\":{\"@type\":\"ImageObject\",\"@id\":\"http:\/\/www.hadef-hotel.com\/hadef\/#logo\",\"inLanguage\":\"fr-FR\",\"url\":\"\",\"caption\":\"HADEF HOTEL\"},\"image\":{\"@id\":\"http:\/\/www.hadef-hotel.com\/hadef\/#logo\"}},{\"@type\":\"WebSite\",\"@id\":\"http:\/\/www.hadef-hotel.com\/hadef\/#website\",\"url\":\"http:\/\/www.hadef-hotel.com\/hadef\/\",\"name\":\"HOTEL CHLEF | BIENVENUE A L\\u2019HOTEL HADEF\",\"description\":\"- Bienvenue -\",\"publisher\":{\"@id\":\"http:\/\/www.hadef-hotel.com\/hadef\/#organization\"},\"inLanguage\":\"fr-FR\"},{\"@type\":\"ImageObject\",\"@id\":\"http:\/\/www.hadef-hotel.com\/hadef\/hotel-chlef-hadef-sport-sauna\/#primaryimage\",\"inLanguage\":\"fr-FR\",\"url\":\"http:\/\/www.hadef-hotel.com\/hadef\/wp-content\/uploads\/2020\/09\/IMG_20200910_173846969-scaled.jpg\",\"width\":1920,\"height\":2560},{\"@type\":\"WebPage\",\"@id\":\"http:\/\/www.hadef-hotel.com\/hadef\/hotel-chlef-hadef-sport-sauna\/#webpage\",\"url\":\"http:\/\/www.hadef-hotel.com\/hadef\/hotel-chlef-hadef-sport-sauna\/\",\"name\":\"Hotel Hadef Fitness et d\\u00e9tente | Soyez les Bienvenues\",\"isPartOf\":{\"@id\":\"http:\/\/www.hadef-hotel.com\/hadef\/#website\"},\"primaryImageOfPage\":{\"@id\":\"http:\/\/www.hadef-hotel.com\/hadef\/hotel-chlef-hadef-sport-sauna\/#primaryimage\"},\"datePublished\":\"2020-09-15T08:26:51+00:00\",\"dateModified\":\"2021-02-01T13:30:13+00:00\",\"description\":\"Hotel Hadef Fitness et d\\u00e9tente - Bienvenue - Hotel,Restaurant,Salle des fetes,Salle de Sport ,Salle de conferences, Massages , Suna , Hammam\",\"inLanguage\":\"fr-FR\",\"potentialAction\":[{\"@type\":\"ReadAction\",\"target\":[\"http:\/\/www.hadef-hotel.com\/hadef\/hotel-chlef-hadef-sport-sauna\/\"]}]}]}<\/script>\n<!-- \/ Yoast SEO plugin. -->","_links":{"self":[{"href":"http:\/\/www.hadef-hotel.com\/hadef\/wp-json\/wp\/v2\/pages\/56"}],"collection":[{"href":"http:\/\/www.hadef-hotel.com\/hadef\/wp-json\/wp\/v2\/pages"}],"about":[{"href":"http:\/\/www.hadef-hotel.com\/hadef\/wp-json\/wp\/v2\/types\/page"}],"author":[{"embeddable":true,"href":"http:\/\/www.hadef-hotel.com\/hadef\/wp-json\/wp\/v2\/users\/1"}],"replies":[{"embeddable":true,"href":"http:\/\/www.hadef-hotel.com\/hadef\/wp-json\/wp\/v2\/comments?post=56"}],"version-history":[{"count":31,"href":"http:\/\/www.hadef-hotel.com\/hadef\/wp-json\/wp\/v2\/pages\/56\/revisions"}],"predecessor-version":[{"id":823,"href":"http:\/\/www.hadef-hotel.com\/hadef\/wp-json\/wp\/v2\/pages\/56\/revisions\/823"}],"wp:attachment":[{"href":"http:\/\/www.hadef-hotel.com\/hadef\/wp-json\/wp\/v2\/media?parent=56"}],"curies":[{"name":"wp","href":"https:\/\/api.w.org\/{rel}","templated":true}]}}