{"id":59,"date":"2020-09-15T10:27:40","date_gmt":"2020-09-15T08:27:40","guid":{"rendered":"http:\/\/www.hadef-hotel.com\/hadef\/?page_id=59"},"modified":"2021-02-01T14:51:33","modified_gmt":"2021-02-01T13:51:33","slug":"hotel-chlef-hadef-salle-conference","status":"publish","type":"page","link":"http:\/\/www.hadef-hotel.com\/hadef\/hotel-chlef-hadef-salle-conference\/","title":{"rendered":"S\u00e9minaire &#038; travail"},"content":{"rendered":"\n<!-- default-view.php -->\n<div\n\tclass=\"ngg-galleryoverview default-view \"\n\tid=\"ngg-gallery-8a350dac5662a9a286221c6c32574700-1\">\n\n\t\t<!-- Thumbnails -->\n\t\t\t\t<div id=\"ngg-image-0\" class=\"ngg-gallery-thumbnail-box ngg-2-columns\" >\n\t\t\t\t        <div class=\"ngg-gallery-thumbnail\">\n            <a href=\"http:\/\/www.hadef-hotel.com\/hadef\/wp-content\/gallery\/seminaire\/s2-scaled.jpg\"\n               title=\"\"\n               data-src=\"http:\/\/www.hadef-hotel.com\/hadef\/wp-content\/gallery\/seminaire\/s2-scaled.jpg\"\n               data-thumbnail=\"http:\/\/www.hadef-hotel.com\/hadef\/wp-content\/gallery\/seminaire\/thumbs\/thumbs_s2-scaled.jpg\"\n               data-image-id=\"34\"\n               data-title=\"hadef-hotel\"\n               data-description=\"\"\n               data-image-slug=\"s2-scaled\"\n               class=\"ngg-simplelightbox\" rel=\"8a350dac5662a9a286221c6c32574700\">\n                <img\n                    title=\"hadef-hotel\"\n                    alt=\"hadef-hotel\"\n                    src=\"http:\/\/www.hadef-hotel.com\/hadef\/wp-content\/gallery\/seminaire\/thumbs\/thumbs_s2-scaled.jpg\"\n                    width=\"240\"\n                    height=\"160\"\n                    style=\"max-width:100%;\"\n                \/>\n            <\/a>\n        <\/div>\n\t\t\t\t\t\t\t<\/div> \n\t\t\t\n\t\t\t\t<div id=\"ngg-image-1\" class=\"ngg-gallery-thumbnail-box ngg-2-columns\" >\n\t\t\t\t        <div class=\"ngg-gallery-thumbnail\">\n            <a href=\"http:\/\/www.hadef-hotel.com\/hadef\/wp-content\/gallery\/seminaire\/s1-scaled.jpg\"\n               title=\"\"\n               data-src=\"http:\/\/www.hadef-hotel.com\/hadef\/wp-content\/gallery\/seminaire\/s1-scaled.jpg\"\n               data-thumbnail=\"http:\/\/www.hadef-hotel.com\/hadef\/wp-content\/gallery\/seminaire\/thumbs\/thumbs_s1-scaled.jpg\"\n               data-image-id=\"35\"\n               data-title=\"hadef-hotel\"\n               data-description=\"\"\n               data-image-slug=\"s1-scaled\"\n               class=\"ngg-simplelightbox\" rel=\"8a350dac5662a9a286221c6c32574700\">\n                <img\n                    title=\"hadef-hotel\"\n                    alt=\"hadef-hotel\"\n                    src=\"http:\/\/www.hadef-hotel.com\/hadef\/wp-content\/gallery\/seminaire\/thumbs\/thumbs_s1-scaled.jpg\"\n                    width=\"240\"\n                    height=\"160\"\n                    style=\"max-width:100%;\"\n                \/>\n            <\/a>\n        <\/div>\n\t\t\t\t\t\t\t<\/div> \n\t\t\t\n\t\n\t<br style=\"clear: both\" \/>\n\n\t\n\t\t<!-- Pagination -->\n\t<div class='ngg-clear'><\/div>\t<\/div>\n\n\n\n\n<h2>HOTEL CHLEF |  BIENVENUE A L&rsquo;HOTEL HADEF<\/h2><br \/>\n<p style=\"color:#a39b82; font-size :20px;\"><img src=\"http:\/\/www.hadef-hotel.com\/hadef\/wp-content\/uploads\/2020\/09\/IMG_20200910_180522784_HDR-scaled.jpg\" style=\"float:left;width:220px;height:220px; padding:30px;\" alt=\"HOTEL CHLEF HADEF\"> Hotel Hadef &#8211; Seminaire et travail &#8211; Les salles de conf\u00e9rence et de r\u00e9union de l\u2019h\u00f4tel hadef sont \u00e9quip\u00e9es de toutes les installations de nature \u00e0 faciliter l&rsquo;organisation de vos s\u00e9minaires et congr\u00e8s :<\/p>\n\n\n\n<ul style=\"color:#a39b82; font-size :20px;\"><li>\u00e9quipement vid\u00e9o<\/li><li>projecteur de diapositives<\/li><li>internet<\/li><li>pause-caf\u00e9 ou th\u00e9<\/li><li>personnel qualifi\u00e9<\/li><\/ul>\n\n\n\n<p><\/p>\n","protected":false},"excerpt":{"rendered":"<p>HOTEL CHLEF | BIENVENUE A L&rsquo;HOTEL HADEF Hotel Hadef &#8211; Seminaire et travail &#8211; Les salles de conf\u00e9rence et de r\u00e9union de l\u2019h\u00f4tel hadef sont \u00e9quip\u00e9es de toutes les installations de nature \u00e0 faciliter l&rsquo;organisation de vos s\u00e9minaires et congr\u00e8s : \u00e9quipement vid\u00e9o projecteur de diapositives internet pause-caf\u00e9 ou th\u00e9 personnel qualifi\u00e9<\/p>\n","protected":false},"author":1,"featured_media":0,"parent":0,"menu_order":0,"comment_status":"closed","ping_status":"closed","template":"","meta":{"ngg_post_thumbnail":0,"spay_email":""},"yoast_head":"<!-- This site is optimized with the Yoast SEO plugin v14.9 - https:\/\/yoast.com\/wordpress\/plugins\/seo\/ -->\n<title>Hotel Hadef Seminaire et travail | Soyez les Bienvenues<\/title>\n<meta name=\"description\" content=\"Hotel Hadef Seminaire et travail - Hotel,Restaurant,Salle des fetes,Salle de Sport ,Salle de conferences, Massages , Suna , Hammam\" \/>\n<meta name=\"robots\" content=\"index, follow, max-snippet:-1, max-image-preview:large, max-video-preview:-1\" \/>\n<link rel=\"canonical\" href=\"http:\/\/www.hadef-hotel.com\/hadef\/hotel-chlef-hadef-salle-conference\/\" \/>\n<meta property=\"og:locale\" content=\"fr_FR\" \/>\n<meta property=\"og:type\" content=\"article\" \/>\n<meta property=\"og:title\" content=\"Hotel Hadef Seminaire et travail | Soyez les Bienvenues\" \/>\n<meta property=\"og:description\" content=\"Hotel Hadef Seminaire et travail - Hotel,Restaurant,Salle des fetes,Salle de Sport ,Salle de conferences, Massages , Suna , Hammam\" \/>\n<meta property=\"og:url\" content=\"http:\/\/www.hadef-hotel.com\/hadef\/hotel-chlef-hadef-salle-conference\/\" \/>\n<meta property=\"og:site_name\" content=\"Hotel Hadef Chlef\" \/>\n<meta property=\"article:publisher\" content=\"https:\/\/web.facebook.com\/HotelHadef?_rdc=1&amp;amp%3bamp%3bamp%3bamp%3bamp%3bamp%3bamp%3bamp%3bamp%3bamp%3bamp%3bamp%3bamp%3bamp%3bamp%3bamp%3bamp%3bamp%3bamp%3bamp%3bamp%3bamp%3bamp%3bamp%3bamp%3bamp%3bamp%3bamp%3bamp%3bamp%3bamp%3bamp%3b_rdr\" \/>\n<meta property=\"article:modified_time\" content=\"2021-02-01T13:51:33+00:00\" \/>\n<meta property=\"og:image\" content=\"http:\/\/www.hadef-hotel.com\/hadef\/wp-content\/uploads\/2020\/09\/IMG_20200910_180522784_HDR-scaled.jpg\" \/>\n<meta name=\"twitter:card\" content=\"summary_large_image\" \/>\n<script type=\"application\/ld+json\" class=\"yoast-schema-graph\">{\"@context\":\"https:\/\/schema.org\",\"@graph\":[{\"@type\":\"Organization\",\"@id\":\"http:\/\/www.hadef-hotel.com\/hadef\/#organization\",\"name\":\"HADEF HOTEL\",\"url\":\"http:\/\/www.hadef-hotel.com\/hadef\/\",\"sameAs\":[\"https:\/\/web.facebook.com\/HotelHadef?_rdc=1&amp;amp;amp;amp;amp;amp;amp;amp;amp;amp;amp;amp;amp;amp;amp;amp;amp;amp;amp;amp;amp;amp;amp;amp;amp;amp;amp;amp;amp;amp;amp;amp;_rdr\"],\"logo\":{\"@type\":\"ImageObject\",\"@id\":\"http:\/\/www.hadef-hotel.com\/hadef\/#logo\",\"inLanguage\":\"fr-FR\",\"url\":\"\",\"caption\":\"HADEF HOTEL\"},\"image\":{\"@id\":\"http:\/\/www.hadef-hotel.com\/hadef\/#logo\"}},{\"@type\":\"WebSite\",\"@id\":\"http:\/\/www.hadef-hotel.com\/hadef\/#website\",\"url\":\"http:\/\/www.hadef-hotel.com\/hadef\/\",\"name\":\"HOTEL CHLEF | BIENVENUE A L\\u2019HOTEL HADEF\",\"description\":\"- Bienvenue -\",\"publisher\":{\"@id\":\"http:\/\/www.hadef-hotel.com\/hadef\/#organization\"},\"inLanguage\":\"fr-FR\"},{\"@type\":\"ImageObject\",\"@id\":\"http:\/\/www.hadef-hotel.com\/hadef\/hotel-chlef-hadef-salle-conference\/#primaryimage\",\"inLanguage\":\"fr-FR\",\"url\":\"http:\/\/www.hadef-hotel.com\/hadef\/wp-content\/uploads\/2020\/09\/IMG_20200910_180522784_HDR-scaled.jpg\",\"width\":2560,\"height\":1920},{\"@type\":\"WebPage\",\"@id\":\"http:\/\/www.hadef-hotel.com\/hadef\/hotel-chlef-hadef-salle-conference\/#webpage\",\"url\":\"http:\/\/www.hadef-hotel.com\/hadef\/hotel-chlef-hadef-salle-conference\/\",\"name\":\"Hotel Hadef Seminaire et travail | Soyez les Bienvenues\",\"isPartOf\":{\"@id\":\"http:\/\/www.hadef-hotel.com\/hadef\/#website\"},\"primaryImageOfPage\":{\"@id\":\"http:\/\/www.hadef-hotel.com\/hadef\/hotel-chlef-hadef-salle-conference\/#primaryimage\"},\"datePublished\":\"2020-09-15T08:27:40+00:00\",\"dateModified\":\"2021-02-01T13:51:33+00:00\",\"description\":\"Hotel Hadef Seminaire et travail - Hotel,Restaurant,Salle des fetes,Salle de Sport ,Salle de conferences, Massages , Suna , Hammam\",\"inLanguage\":\"fr-FR\",\"potentialAction\":[{\"@type\":\"ReadAction\",\"target\":[\"http:\/\/www.hadef-hotel.com\/hadef\/hotel-chlef-hadef-salle-conference\/\"]}]}]}<\/script>\n<!-- \/ Yoast SEO plugin. -->","_links":{"self":[{"href":"http:\/\/www.hadef-hotel.com\/hadef\/wp-json\/wp\/v2\/pages\/59"}],"collection":[{"href":"http:\/\/www.hadef-hotel.com\/hadef\/wp-json\/wp\/v2\/pages"}],"about":[{"href":"http:\/\/www.hadef-hotel.com\/hadef\/wp-json\/wp\/v2\/types\/page"}],"author":[{"embeddable":true,"href":"http:\/\/www.hadef-hotel.com\/hadef\/wp-json\/wp\/v2\/users\/1"}],"replies":[{"embeddable":true,"href":"http:\/\/www.hadef-hotel.com\/hadef\/wp-json\/wp\/v2\/comments?post=59"}],"version-history":[{"count":19,"href":"http:\/\/www.hadef-hotel.com\/hadef\/wp-json\/wp\/v2\/pages\/59\/revisions"}],"predecessor-version":[{"id":837,"href":"http:\/\/www.hadef-hotel.com\/hadef\/wp-json\/wp\/v2\/pages\/59\/revisions\/837"}],"wp:attachment":[{"href":"http:\/\/www.hadef-hotel.com\/hadef\/wp-json\/wp\/v2\/media?parent=59"}],"curies":[{"name":"wp","href":"https:\/\/api.w.org\/{rel}","templated":true}]}}