{"id":64,"date":"2020-09-15T10:30:35","date_gmt":"2020-09-15T08:30:35","guid":{"rendered":"http:\/\/www.hadef-hotel.com\/hadef\/?page_id=64"},"modified":"2021-02-01T14:57:08","modified_gmt":"2021-02-01T13:57:08","slug":"hotel-chlef-hadef-reserver","status":"publish","type":"page","link":"http:\/\/www.hadef-hotel.com\/hadef\/hotel-chlef-hadef-reserver\/","title":{"rendered":"R\u00e9server &#038; Joindre"},"content":{"rendered":"\n<h2>HOTEL CHLEF |  BIENVENUE A L&rsquo;HOTEL HADEF <\/h2>\n<h2>R\u00e9servation<\/h2>\n<p style=\"color: #e3c472;\">Hotel Hadef Chlef &#8211; Reserver &#8211; Merci de choisir vos dates et remplir le formulaire : <\/p><br>\n\n\n\n<p><\/p>\n\n\n\n<p><\/p>\n\n\n\n<div style=\"color:#e3c459;\"> <div id=\"form_id1148408481122\" class=\"wpdevelop\"><form  id=\"booking_form1\"   class=\"booking_form vertical\" method=\"post\" action=\"\"><div id=\"ajax_respond_insert1\" class=\"ajax_respond_insert\" style=\"display:none;\"><\/div><a name=\"bklnk1\" id=\"bklnk1\"><\/a><div id=\"booking_form_div1\" class=\"booking_form_div\"><div class=\"wpbc_booking_form_structure wpbc_form_right\">\n  <div class=\"wpbc_structure_calendar\">\n    <div class=\"wpbc_change_over_triangle\"><div class=\"bk_calendar_frame months_num_in_row_ cal_month_num_1\" style=\"width:284px;\"><div id=\"calendar_booking1\">Chargement du calendrier...<\/div><\/div><textarea id=\"date_booking1\" name=\"date_booking1\" autocomplete=\"off\" style=\"display:none;\"><\/textarea><\/div>\n  <\/div>\n  <div class=\"wpbc_structure_form\">\n  <div class=\"form-group\">  <label for=\"name1\" class=\"control-label\">Nom*:<\/label>   <div class=\"controls\">   <input type=\"text\" name=\"name1\" id=\"name1\" class=\"input-xlarge wpdev-validates-as-required\" \/><\/div><\/div>  <div class=\"form-group\">  <label for=\"email1\" class=\"control-label\">Email*:<\/label>   <div class=\"controls\">   <input type=\"text\" name=\"email1\" id=\"email1\" class=\"input-xlarge wpdev-validates-as-email wpdev-validates-as-required wpdev-validates-as-required\" \/><\/div><\/div>  <div class=\"form-group\">  <label for=\"phone1\" class=\"control-label\">T\u00e9l\u00e9phone*:<\/label>   <div class=\"controls\">   <input type=\"text\" name=\"phone1\" id=\"phone1\" class=\"input-xlarge wpdev-validates-as-required\" \/><\/div><\/div>  <div class=\"form-group\">  <label for=\"details1\" class=\"control-label\">Details:<\/label>   <div class=\"controls\">   <textarea  rows=\"3\" name=\"details1\" id=\"details1\" class=\"input-xlarge\" ><\/textarea><\/div><\/div><div class=\"form-group\"><input  autocomplete=\"off\" type=\"hidden\" name=\"wpdev_captcha_challenge_1\"  id=\"wpdev_captcha_challenge_1\" value=\"1849226316\" \/><input  autocomplete=\"off\" type=\"text\" class=\"captachinput\" value=\"\" name=\"captcha_input1\" id=\"captcha_input1\" \/><img class=\"captcha_img\"  id=\"captcha_img1\" alt=\"captcha\" src=\"http:\/\/www.hadef-hotel.com\/hadef\/wp-content\/plugins\/booking\/js\/captcha\/tmp\/1849226316.png\" \/><span id=\"captcha_msg1\" class=\"wpdev-help-message\" ><\/span><\/div>\n<div class=\"form-group\"><button class=\"btn btn-default\" type=\"button\" onclick=\"mybooking_submit(this.form,1,'fr_FR');\" >Envoyer<\/button><\/div>\n  <\/div>\n<\/div>\n<div class=\"wpbc_booking_form_footer\"><\/div><input id=\"bk_type1\" name=\"bk_type1\" class=\"\" type=\"hidden\" value=\"1\" \/><\/div><div id=\"submiting1\"><\/div><div class=\"form_bk_messages\" id=\"form_bk_messages1\" ><\/div><input type=\"hidden\" id=\"wpbc_nonce1\" name=\"wpbc_nonce1\" value=\"d58806340a\" \/><input type=\"hidden\" name=\"_wp_http_referer\" value=\"\/hadef\/wp-json\/wp\/v2\/pages\/64\" \/><input type=\"hidden\" id=\"wpbc_nonceCALCULATE_THE_COST1\" name=\"wpbc_nonceCALCULATE_THE_COST1\" value=\"4301eb3bbd\" \/><input type=\"hidden\" name=\"_wp_http_referer\" value=\"\/hadef\/wp-json\/wp\/v2\/pages\/64\" \/><\/form><\/div><div id=\"booking_form_garbage1\" class=\"booking_form_garbage\"><\/div><script type=\"text\/javascript\">\n                                jQuery(document).ready( function(){\n                                    jQuery(\".widget_wpdev_booking .booking_form.form-horizontal\").removeClass(\"form-horizontal\");\n                                    var visible_booking_id_on_page_num = visible_booking_id_on_page.length;\n                                    if (visible_booking_id_on_page_num !== null ) {\n                                        for (var i=0;i< visible_booking_id_on_page_num ;i++){\n                                          if ( visible_booking_id_on_page[i]==\"booking_form_div1\" ) {\n                                              document.getElementById(\"form_id1148408481122\").innerHTML = \"<span style='color:#A00;font-size:10px;'>Attention! Le calendrier des r\u00e9servations pour ce type de ressources est d\u00e9j\u00e0 sur la page, veuillez v\u00e9rifier toute question \u00e0 ce sujet sur cette page: https:\/\/wpbookingcalendar.com\/faq\/why-the-booking-calendar-widget-not-show-on-page\/.<\/span>\";                                                                                                  \n                                              jQuery(\"#form_id1148408481122\").animate( {opacity: 1}, 10000 ).fadeOut(5000);\n                                              return;\n                                          }\n                                        }\n                                        visible_booking_id_on_page[ visible_booking_id_on_page_num ]=\"booking_form_div1\";\n                                    }\n                                });\n                            <\/script> <script type='text\/javascript'>  jQuery(document).ready( function(){  date_admin_blank[1] = [];  date2approve[1] = [];  var date_approved_par = [];  init_datepick_cal('1', date_approved_par, 1 , 0, false   );  }); <\/script><\/div>\n\n\n\n<p><\/p>\n\n\n\n<span style=\"color: #e3c472;\"><span class=\"wp-svg-phone phone\"><\/span><span\/><span>   Pour nous joindre par t\u00e9l\u00e9phone : <\/span><br \/><br \/>\n<p style=\"color: #a39b82;\">(+213) 27 48 16 85 <br>(+213) 27 48 16 75 <br>(+213) 27 48 16 63<br> (+213) 27 48 16 90<\/p> <br \/>\n\n\n\n<p><\/p>\n\n\n\n<span style=\"color: #e3c472;\"><span class=\"wp-svg-file-3 file-3\"><\/span><span\/><span>   Par Fax : <\/span><br \/><br \/>\n<p style=\"color: #a39b82;\">(+213) 27 48 16 17<\/p>\n\n\n\n<p><\/p>\n","protected":false},"excerpt":{"rendered":"<p>HOTEL CHLEF | BIENVENUE A L&rsquo;HOTEL HADEF R\u00e9servation Hotel Hadef Chlef &#8211; Reserver &#8211; Merci de choisir vos dates et remplir le formulaire : Pour nous joindre par t\u00e9l\u00e9phone : (+213) 27 48 16 85 (+213) 27 48 16 75 (+213) 27 48 16 63 (+213) 27 48 16 90 Par Fax : (+213) 27<\/p>\n","protected":false},"author":1,"featured_media":0,"parent":0,"menu_order":0,"comment_status":"closed","ping_status":"closed","template":"","meta":{"ngg_post_thumbnail":0,"spay_email":""},"yoast_head":"<!-- This site is optimized with the Yoast SEO plugin v14.9 - https:\/\/yoast.com\/wordpress\/plugins\/seo\/ -->\n<title>Hotel Hadef Chlef Reserver | Bienvenues Hotel,Restaurant,Cafeteria...<\/title>\n<meta name=\"description\" content=\"Hotel Hadef Chlef Reserver | - Bienvenue - Hotel,Restaurant,Salle des fetes,Salle de Sport ,Salle de conferences, Massages , Suna , Hammam ...\" \/>\n<meta name=\"robots\" content=\"index, follow, max-snippet:-1, max-image-preview:large, max-video-preview:-1\" \/>\n<link rel=\"canonical\" href=\"http:\/\/www.hadef-hotel.com\/hadef\/hotel-chlef-hadef-reserver\/\" \/>\n<meta property=\"og:locale\" content=\"fr_FR\" \/>\n<meta property=\"og:type\" content=\"article\" \/>\n<meta property=\"og:title\" content=\"Hotel Hadef Chlef Reserver | Bienvenues Hotel,Restaurant,Cafeteria...\" \/>\n<meta property=\"og:description\" content=\"Hotel Hadef Chlef Reserver | - Bienvenue - Hotel,Restaurant,Salle des fetes,Salle de Sport ,Salle de conferences, Massages , Suna , Hammam ...\" \/>\n<meta property=\"og:url\" content=\"http:\/\/www.hadef-hotel.com\/hadef\/hotel-chlef-hadef-reserver\/\" \/>\n<meta property=\"og:site_name\" content=\"Hotel Hadef Chlef\" \/>\n<meta property=\"article:publisher\" content=\"https:\/\/web.facebook.com\/HotelHadef?_rdc=1&amp;amp%3bamp%3bamp%3bamp%3bamp%3bamp%3bamp%3bamp%3bamp%3bamp%3bamp%3bamp%3bamp%3bamp%3bamp%3bamp%3bamp%3bamp%3bamp%3bamp%3bamp%3bamp%3bamp%3bamp%3bamp%3bamp%3bamp%3bamp%3bamp%3bamp%3bamp%3bamp%3b_rdr\" \/>\n<meta property=\"article:modified_time\" content=\"2021-02-01T13:57:08+00:00\" \/>\n<meta name=\"twitter:card\" content=\"summary_large_image\" \/>\n<script type=\"application\/ld+json\" class=\"yoast-schema-graph\">{\"@context\":\"https:\/\/schema.org\",\"@graph\":[{\"@type\":\"Organization\",\"@id\":\"http:\/\/www.hadef-hotel.com\/hadef\/#organization\",\"name\":\"HADEF HOTEL\",\"url\":\"http:\/\/www.hadef-hotel.com\/hadef\/\",\"sameAs\":[\"https:\/\/web.facebook.com\/HotelHadef?_rdc=1&amp;amp;amp;amp;amp;amp;amp;amp;amp;amp;amp;amp;amp;amp;amp;amp;amp;amp;amp;amp;amp;amp;amp;amp;amp;amp;amp;amp;amp;amp;amp;amp;_rdr\"],\"logo\":{\"@type\":\"ImageObject\",\"@id\":\"http:\/\/www.hadef-hotel.com\/hadef\/#logo\",\"inLanguage\":\"fr-FR\",\"url\":\"\",\"caption\":\"HADEF HOTEL\"},\"image\":{\"@id\":\"http:\/\/www.hadef-hotel.com\/hadef\/#logo\"}},{\"@type\":\"WebSite\",\"@id\":\"http:\/\/www.hadef-hotel.com\/hadef\/#website\",\"url\":\"http:\/\/www.hadef-hotel.com\/hadef\/\",\"name\":\"HOTEL CHLEF | BIENVENUE A L\\u2019HOTEL HADEF\",\"description\":\"- Bienvenue -\",\"publisher\":{\"@id\":\"http:\/\/www.hadef-hotel.com\/hadef\/#organization\"},\"inLanguage\":\"fr-FR\"},{\"@type\":\"WebPage\",\"@id\":\"http:\/\/www.hadef-hotel.com\/hadef\/hotel-chlef-hadef-reserver\/#webpage\",\"url\":\"http:\/\/www.hadef-hotel.com\/hadef\/hotel-chlef-hadef-reserver\/\",\"name\":\"Hotel Hadef Chlef Reserver | Bienvenues Hotel,Restaurant,Cafeteria...\",\"isPartOf\":{\"@id\":\"http:\/\/www.hadef-hotel.com\/hadef\/#website\"},\"datePublished\":\"2020-09-15T08:30:35+00:00\",\"dateModified\":\"2021-02-01T13:57:08+00:00\",\"description\":\"Hotel Hadef Chlef Reserver | - Bienvenue - Hotel,Restaurant,Salle des fetes,Salle de Sport ,Salle de conferences, Massages , Suna , Hammam ...\",\"inLanguage\":\"fr-FR\",\"potentialAction\":[{\"@type\":\"ReadAction\",\"target\":[\"http:\/\/www.hadef-hotel.com\/hadef\/hotel-chlef-hadef-reserver\/\"]}]}]}<\/script>\n<!-- \/ Yoast SEO plugin. -->","_links":{"self":[{"href":"http:\/\/www.hadef-hotel.com\/hadef\/wp-json\/wp\/v2\/pages\/64"}],"collection":[{"href":"http:\/\/www.hadef-hotel.com\/hadef\/wp-json\/wp\/v2\/pages"}],"about":[{"href":"http:\/\/www.hadef-hotel.com\/hadef\/wp-json\/wp\/v2\/types\/page"}],"author":[{"embeddable":true,"href":"http:\/\/www.hadef-hotel.com\/hadef\/wp-json\/wp\/v2\/users\/1"}],"replies":[{"embeddable":true,"href":"http:\/\/www.hadef-hotel.com\/hadef\/wp-json\/wp\/v2\/comments?post=64"}],"version-history":[{"count":66,"href":"http:\/\/www.hadef-hotel.com\/hadef\/wp-json\/wp\/v2\/pages\/64\/revisions"}],"predecessor-version":[{"id":844,"href":"http:\/\/www.hadef-hotel.com\/hadef\/wp-json\/wp\/v2\/pages\/64\/revisions\/844"}],"wp:attachment":[{"href":"http:\/\/www.hadef-hotel.com\/hadef\/wp-json\/wp\/v2\/media?parent=64"}],"curies":[{"name":"wp","href":"https:\/\/api.w.org\/{rel}","templated":true}]}}